{"id":3191,"date":"2020-05-17T00:30:29","date_gmt":"2020-05-25T20:33:02","guid":{"rendered":"https:\/\/www.masker-kopen.nl\/product\/3-schichten-mundkappen\/"},"modified":"2025-03-16T10:46:23","modified_gmt":"2025-03-16T09:46:23","slug":"3-laags-mondkapjes-2","status":"publish","type":"product","link":"https:\/\/www.masker-kopen.nl\/de\/produkt\/3-laags-mondkapjes-2\/","title":{"rendered":"3 Schichten Mundkappen"},"content":{"rendered":"<p>Eine 3-Schicht-Mundkappe \/ Maske zertifiziert. Bequemer Sitz durch elastische Ohrb\u00e4nder.<\/p>\n<p><strong>Diese Mundkappen\/Mundschutzmasken sind nicht f\u00fcr Personen geeignet, die Covid-19-Patienten behandeln.<\/strong> Sie k\u00f6nnen diese Mundmaske verwenden, um sich selbst oder Ihre Umgebung zu sch\u00fctzen.<\/p>\n<p><em>Desinfizieren Sie Ihre H\u00e4nde vorzugsweise mit einem Desinfektionshandgriff, bevor Sie den Mundkappe ber\u00fchren und nachdem Sie den Mundkappe ber\u00fchrt haben.<\/em><\/p>\n<p>Bei Volumenbestellungen k\u00f6nnen Sie jederzeit einen Termin vereinbaren, um sich das Zertifikat pers\u00f6nlich anzusehen. Wir \u00fcbergeben diese nie.<\/p>\n","protected":false},"excerpt":{"rendered":"<p>Eine 3-Schicht-Mundkappe \/ Maske zertifiziert. Bequemer Sitz durch elastische Ohrb\u00e4nder.<\/p>\n<p><strong>Diese Mundkappen\/Mundschutzmasken sind nicht f\u00fcr Personen geeignet, die Covid-19-Patienten behandeln.<\/strong> Sie k\u00f6nnen diese Mundmaske verwenden, um sich selbst oder Ihre Umgebung zu sch\u00fctzen.<\/p>\n<p><em>Desinfizieren Sie Ihre H\u00e4nde vorzugsweise mit einem Desinfektionshandgriff, bevor Sie den Mundkappe ber\u00fchren und nachdem Sie den Mundkappe ber\u00fchrt haben.<\/em><\/p>\n<p>Bei Volumenbestellungen k\u00f6nnen Sie jederzeit einen Termin vereinbaren, um sich das Zertifikat pers\u00f6nlich anzusehen. Wir \u00fcbergeben diese nie.<\/p>\n","protected":false},"featured_media":3079,"comment_status":"open","ping_status":"closed","template":"","meta":[],"product_brand":[],"product_cat":[95],"product_tag":[103,120,117,133,134,137,159,155,152,149,148,146,145,143,162,127],"class_list":{"0":"post-3191","1":"product","2":"type-product","3":"status-publish","4":"has-post-thumbnail","6":"product_cat-mundschutz-3-lagig-de","7":"product_tag-3-lagig-de","8":"product_tag-offentlicher-verkehr","9":"product_tag-allgemeinarzt","10":"product_tag-bouwvakker-de","11":"product_tag-corona-de","12":"product_tag-covid-19-de","13":"product_tag-goedkope-mondkapjes-de","14":"product_tag-mask-de","15":"product_tag-masker-de","16":"product_tag-mondkapje-de","17":"product_tag-mondkapje-ov-de","18":"product_tag-mondkapjes-de","19":"product_tag-mondmasker-de","20":"product_tag-mondmaskers-de","21":"product_tag-voordelige-mondkapjes-de","22":"product_tag-zahnarzt","24":"first","25":"instock","26":"taxable","27":"shipping-taxable","28":"purchasable","29":"product-type-variable"},"yoast_head":"<!-- This site is optimized with the Yoast SEO Premium plugin v21.9 (Yoast SEO v27.3) - https:\/\/yoast.com\/product\/yoast-seo-premium-wordpress\/ -->\n<title>3 Schichten Mundkappen | Masker-Kopen.nl<\/title>\n<meta name=\"robots\" content=\"index, follow, max-snippet:-1, max-image-preview:large, max-video-preview:-1\" \/>\n<link rel=\"canonical\" href=\"https:\/\/www.masker-kopen.nl\/de\/produkt\/3-laags-mondkapjes-2\/\" \/>\n<meta property=\"og:locale\" content=\"de_DE\" \/>\n<meta property=\"og:type\" content=\"article\" \/>\n<meta property=\"og:title\" content=\"3 Schichten Mundkappen\" \/>\n<meta property=\"og:description\" content=\"Eine 3-Schicht-Mundkappe \/ Maske zertifiziert. Bequemer Sitz durch elastische Ohrb\u00e4nder. Diese Mundkappen\/Mundschutzmasken sind nicht f\u00fcr Personen geeignet, die Covid-19-Patienten behandeln. Sie k\u00f6nnen diese Mundmaske verwenden, um sich selbst oder Ihre Umgebung zu sch\u00fctzen. Desinfizieren Sie Ihre H\u00e4nde vorzugsweise mit einem Desinfektionshandgriff, bevor Sie den Mundkappe ber\u00fchren und nachdem Sie den Mundkappe ber\u00fchrt haben. Bei Volumenbestellungen k\u00f6nnen Sie jederzeit einen Termin vereinbaren, um sich das Zertifikat pers\u00f6nlich anzusehen. Wir \u00fcbergeben diese nie.\" \/>\n<meta property=\"og:url\" content=\"https:\/\/www.masker-kopen.nl\/de\/produkt\/3-laags-mondkapjes-2\/\" \/>\n<meta property=\"og:site_name\" content=\"Masker-Kopen.nl\" \/>\n<meta property=\"article:modified_time\" content=\"2025-03-16T09:46:23+00:00\" \/>\n<meta property=\"og:image\" content=\"https:\/\/www.masker-kopen.nl\/wp-content\/uploads\/2020\/05\/3-laags-mondmasker-voorkant.png\" \/>\n\t<meta property=\"og:image:width\" content=\"992\" \/>\n\t<meta property=\"og:image:height\" content=\"992\" \/>\n\t<meta property=\"og:image:type\" content=\"image\/png\" \/>\n<meta name=\"twitter:card\" content=\"summary_large_image\" \/>\n<meta name=\"twitter:label1\" content=\"Verf\u00fcgbarkeit\" \/>\n\t<meta name=\"twitter:data1\" content=\"Auf Lager\" \/>\n<script type=\"application\/ld+json\" class=\"yoast-schema-graph\">{\"@context\":\"https:\\\/\\\/schema.org\",\"@graph\":[{\"@type\":\"WebPage\",\"@id\":\"https:\\\/\\\/www.masker-kopen.nl\\\/de\\\/produkt\\\/3-laags-mondkapjes-2\\\/\",\"url\":\"https:\\\/\\\/www.masker-kopen.nl\\\/de\\\/produkt\\\/3-laags-mondkapjes-2\\\/\",\"name\":\"3 Schichten Mundkappen | Masker-Kopen.nl\",\"isPartOf\":{\"@id\":\"https:\\\/\\\/www.masker-kopen.nl\\\/de\\\/#website\"},\"primaryImageOfPage\":{\"@id\":\"https:\\\/\\\/www.masker-kopen.nl\\\/de\\\/produkt\\\/3-laags-mondkapjes-2\\\/#primaryimage\"},\"image\":{\"@id\":\"https:\\\/\\\/www.masker-kopen.nl\\\/de\\\/produkt\\\/3-laags-mondkapjes-2\\\/#primaryimage\"},\"thumbnailUrl\":\"https:\\\/\\\/www.masker-kopen.nl\\\/wp-content\\\/uploads\\\/2020\\\/05\\\/3-laags-mondmasker-voorkant.png\",\"datePublished\":\"2020-05-25T20:33:02+00:00\",\"dateModified\":\"2025-03-16T09:46:23+00:00\",\"breadcrumb\":{\"@id\":\"https:\\\/\\\/www.masker-kopen.nl\\\/de\\\/produkt\\\/3-laags-mondkapjes-2\\\/#breadcrumb\"},\"inLanguage\":\"de\",\"potentialAction\":[{\"@type\":\"ReadAction\",\"target\":[\"https:\\\/\\\/www.masker-kopen.nl\\\/de\\\/produkt\\\/3-laags-mondkapjes-2\\\/\"]}]},{\"@type\":\"ImageObject\",\"inLanguage\":\"de\",\"@id\":\"https:\\\/\\\/www.masker-kopen.nl\\\/de\\\/produkt\\\/3-laags-mondkapjes-2\\\/#primaryimage\",\"url\":\"https:\\\/\\\/www.masker-kopen.nl\\\/wp-content\\\/uploads\\\/2020\\\/05\\\/3-laags-mondmasker-voorkant.png\",\"contentUrl\":\"https:\\\/\\\/www.masker-kopen.nl\\\/wp-content\\\/uploads\\\/2020\\\/05\\\/3-laags-mondmasker-voorkant.png\",\"width\":992,\"height\":992,\"caption\":\"3-laags-mondmasker-voorkant\"},{\"@type\":\"BreadcrumbList\",\"@id\":\"https:\\\/\\\/www.masker-kopen.nl\\\/de\\\/produkt\\\/3-laags-mondkapjes-2\\\/#breadcrumb\",\"itemListElement\":[{\"@type\":\"ListItem\",\"position\":1,\"name\":\"Home\",\"item\":\"https:\\\/\\\/www.masker-kopen.nl\\\/de\\\/\"},{\"@type\":\"ListItem\",\"position\":2,\"name\":\"Shop\",\"item\":\"https:\\\/\\\/www.masker-kopen.nl\\\/de\\\/shop\\\/\"},{\"@type\":\"ListItem\",\"position\":3,\"name\":\"3 Schichten Mundkappen\"}]},{\"@type\":\"WebSite\",\"@id\":\"https:\\\/\\\/www.masker-kopen.nl\\\/de\\\/#website\",\"url\":\"https:\\\/\\\/www.masker-kopen.nl\\\/de\\\/\",\"name\":\"Masker Mondkapjes Kopen\",\"description\":\"DE Goedkope Mondkapjes Mondmaskers!\",\"publisher\":{\"@id\":\"https:\\\/\\\/www.masker-kopen.nl\\\/de\\\/#organization\"},\"potentialAction\":[{\"@type\":\"SearchAction\",\"target\":{\"@type\":\"EntryPoint\",\"urlTemplate\":\"https:\\\/\\\/www.masker-kopen.nl\\\/de\\\/?s={search_term_string}\"},\"query-input\":{\"@type\":\"PropertyValueSpecification\",\"valueRequired\":true,\"valueName\":\"search_term_string\"}}],\"inLanguage\":\"de\"},{\"@type\":\"Organization\",\"@id\":\"https:\\\/\\\/www.masker-kopen.nl\\\/de\\\/#organization\",\"name\":\"Masker Mondkapjes Kopen\",\"url\":\"https:\\\/\\\/www.masker-kopen.nl\\\/de\\\/\",\"logo\":{\"@type\":\"ImageObject\",\"inLanguage\":\"de\",\"@id\":\"https:\\\/\\\/www.masker-kopen.nl\\\/de\\\/#\\\/schema\\\/logo\\\/image\\\/\",\"url\":\"https:\\\/\\\/www.masker-kopen.nl\\\/wp-content\\\/uploads\\\/2020\\\/05\\\/masker-kopen-logo-breed-footer.png\",\"contentUrl\":\"https:\\\/\\\/www.masker-kopen.nl\\\/wp-content\\\/uploads\\\/2020\\\/05\\\/masker-kopen-logo-breed-footer.png\",\"width\":283,\"height\":110,\"caption\":\"Masker Mondkapjes Kopen\"},\"image\":{\"@id\":\"https:\\\/\\\/www.masker-kopen.nl\\\/de\\\/#\\\/schema\\\/logo\\\/image\\\/\"}}]}<\/script>\n<meta property=\"product:brand\" content=\"China\" \/>\n<meta property=\"og:availability\" content=\"instock\" \/>\n<meta property=\"product:availability\" content=\"instock\" \/>\n<meta property=\"product:retailer_item_id\" content=\"3-layers-mondkapje\" \/>\n<meta property=\"product:condition\" content=\"new\" \/>\n<!-- \/ Yoast SEO Premium plugin. -->","yoast_head_json":{"title":"3 Schichten Mundkappen | Masker-Kopen.nl","robots":{"index":"index","follow":"follow","max-snippet":"max-snippet:-1","max-image-preview":"max-image-preview:large","max-video-preview":"max-video-preview:-1"},"canonical":"https:\/\/www.masker-kopen.nl\/de\/produkt\/3-laags-mondkapjes-2\/","og_locale":"de_DE","og_type":"article","og_title":"3 Schichten Mundkappen","og_description":"Eine 3-Schicht-Mundkappe \/ Maske zertifiziert. Bequemer Sitz durch elastische Ohrb\u00e4nder. Diese Mundkappen\/Mundschutzmasken sind nicht f\u00fcr Personen geeignet, die Covid-19-Patienten behandeln. Sie k\u00f6nnen diese Mundmaske verwenden, um sich selbst oder Ihre Umgebung zu sch\u00fctzen. Desinfizieren Sie Ihre H\u00e4nde vorzugsweise mit einem Desinfektionshandgriff, bevor Sie den Mundkappe ber\u00fchren und nachdem Sie den Mundkappe ber\u00fchrt haben. Bei Volumenbestellungen k\u00f6nnen Sie jederzeit einen Termin vereinbaren, um sich das Zertifikat pers\u00f6nlich anzusehen. Wir \u00fcbergeben diese nie.","og_url":"https:\/\/www.masker-kopen.nl\/de\/produkt\/3-laags-mondkapjes-2\/","og_site_name":"Masker-Kopen.nl","article_modified_time":"2025-03-16T09:46:23+00:00","og_image":[{"width":992,"height":992,"url":"https:\/\/www.masker-kopen.nl\/wp-content\/uploads\/2020\/05\/3-laags-mondmasker-voorkant.png","type":"image\/png"}],"twitter_card":"summary_large_image","twitter_misc":{"Verf\u00fcgbarkeit":"Auf Lager"},"schema":{"@context":"https:\/\/schema.org","@graph":[{"@type":"WebPage","@id":"https:\/\/www.masker-kopen.nl\/de\/produkt\/3-laags-mondkapjes-2\/","url":"https:\/\/www.masker-kopen.nl\/de\/produkt\/3-laags-mondkapjes-2\/","name":"3 Schichten Mundkappen | Masker-Kopen.nl","isPartOf":{"@id":"https:\/\/www.masker-kopen.nl\/de\/#website"},"primaryImageOfPage":{"@id":"https:\/\/www.masker-kopen.nl\/de\/produkt\/3-laags-mondkapjes-2\/#primaryimage"},"image":{"@id":"https:\/\/www.masker-kopen.nl\/de\/produkt\/3-laags-mondkapjes-2\/#primaryimage"},"thumbnailUrl":"https:\/\/www.masker-kopen.nl\/wp-content\/uploads\/2020\/05\/3-laags-mondmasker-voorkant.png","datePublished":"2020-05-25T20:33:02+00:00","dateModified":"2025-03-16T09:46:23+00:00","breadcrumb":{"@id":"https:\/\/www.masker-kopen.nl\/de\/produkt\/3-laags-mondkapjes-2\/#breadcrumb"},"inLanguage":"de","potentialAction":[{"@type":"ReadAction","target":["https:\/\/www.masker-kopen.nl\/de\/produkt\/3-laags-mondkapjes-2\/"]}]},{"@type":"ImageObject","inLanguage":"de","@id":"https:\/\/www.masker-kopen.nl\/de\/produkt\/3-laags-mondkapjes-2\/#primaryimage","url":"https:\/\/www.masker-kopen.nl\/wp-content\/uploads\/2020\/05\/3-laags-mondmasker-voorkant.png","contentUrl":"https:\/\/www.masker-kopen.nl\/wp-content\/uploads\/2020\/05\/3-laags-mondmasker-voorkant.png","width":992,"height":992,"caption":"3-laags-mondmasker-voorkant"},{"@type":"BreadcrumbList","@id":"https:\/\/www.masker-kopen.nl\/de\/produkt\/3-laags-mondkapjes-2\/#breadcrumb","itemListElement":[{"@type":"ListItem","position":1,"name":"Home","item":"https:\/\/www.masker-kopen.nl\/de\/"},{"@type":"ListItem","position":2,"name":"Shop","item":"https:\/\/www.masker-kopen.nl\/de\/shop\/"},{"@type":"ListItem","position":3,"name":"3 Schichten Mundkappen"}]},{"@type":"WebSite","@id":"https:\/\/www.masker-kopen.nl\/de\/#website","url":"https:\/\/www.masker-kopen.nl\/de\/","name":"Masker Mondkapjes Kopen","description":"DE Goedkope Mondkapjes Mondmaskers!","publisher":{"@id":"https:\/\/www.masker-kopen.nl\/de\/#organization"},"potentialAction":[{"@type":"SearchAction","target":{"@type":"EntryPoint","urlTemplate":"https:\/\/www.masker-kopen.nl\/de\/?s={search_term_string}"},"query-input":{"@type":"PropertyValueSpecification","valueRequired":true,"valueName":"search_term_string"}}],"inLanguage":"de"},{"@type":"Organization","@id":"https:\/\/www.masker-kopen.nl\/de\/#organization","name":"Masker Mondkapjes Kopen","url":"https:\/\/www.masker-kopen.nl\/de\/","logo":{"@type":"ImageObject","inLanguage":"de","@id":"https:\/\/www.masker-kopen.nl\/de\/#\/schema\/logo\/image\/","url":"https:\/\/www.masker-kopen.nl\/wp-content\/uploads\/2020\/05\/masker-kopen-logo-breed-footer.png","contentUrl":"https:\/\/www.masker-kopen.nl\/wp-content\/uploads\/2020\/05\/masker-kopen-logo-breed-footer.png","width":283,"height":110,"caption":"Masker Mondkapjes Kopen"},"image":{"@id":"https:\/\/www.masker-kopen.nl\/de\/#\/schema\/logo\/image\/"}}]},"product_brand":"China","og_availability":"instock","product_availability":"instock","product_retailer_item_id":"3-layers-mondkapje","product_condition":"new"},"_links":{"self":[{"href":"https:\/\/www.masker-kopen.nl\/de\/wp-json\/wp\/v2\/product\/3191","targetHints":{"allow":["GET"]}}],"collection":[{"href":"https:\/\/www.masker-kopen.nl\/de\/wp-json\/wp\/v2\/product"}],"about":[{"href":"https:\/\/www.masker-kopen.nl\/de\/wp-json\/wp\/v2\/types\/product"}],"replies":[{"embeddable":true,"href":"https:\/\/www.masker-kopen.nl\/de\/wp-json\/wp\/v2\/comments?post=3191"}],"wp:featuredmedia":[{"embeddable":true,"href":"https:\/\/www.masker-kopen.nl\/de\/wp-json\/wp\/v2\/media\/3079"}],"wp:attachment":[{"href":"https:\/\/www.masker-kopen.nl\/de\/wp-json\/wp\/v2\/media?parent=3191"}],"wp:term":[{"taxonomy":"product_brand","embeddable":true,"href":"https:\/\/www.masker-kopen.nl\/de\/wp-json\/wp\/v2\/product_brand?post=3191"},{"taxonomy":"product_cat","embeddable":true,"href":"https:\/\/www.masker-kopen.nl\/de\/wp-json\/wp\/v2\/product_cat?post=3191"},{"taxonomy":"product_tag","embeddable":true,"href":"https:\/\/www.masker-kopen.nl\/de\/wp-json\/wp\/v2\/product_tag?post=3191"}],"curies":[{"name":"wp","href":"https:\/\/api.w.org\/{rel}","templated":true}]}}