{"id":4209,"date":"2020-05-20T18:03:13","date_gmt":"2020-05-20T16:03:13","guid":{"rendered":"https:\/\/www.masker-kopen.nl\/product\/5-laags-goedkope-ffp2-masker-kopen\/"},"modified":"2021-08-14T13:04:40","modified_gmt":"2021-08-14T11:04:40","slug":"5-laags-goedkope-ffp2-masker-kopen","status":"publish","type":"product","link":"https:\/\/www.masker-kopen.nl\/de\/produkt\/5-laags-goedkope-ffp2-masker-kopen\/","title":{"rendered":"Mundschutz FFP2 \/ N95 \/ KN95"},"content":{"rendered":"<div class=\"wpb-content-wrapper\"><p>[vc_row][vc_column][vc_column_text text_larger=&#8220;no&#8220; woodmart_inline=&#8220;no&#8220;]<\/p>\n<h1>5-Lagen-FFP2-Mundschutzmasken online kaufen<\/h1>\n<h2>G\u00fcnstige FFP2-Mundsch\u00fctzer? Kaufen Sie Mundmasken FFP2, zertifiziert und bequeme Passform durch Ohrgummis. Ohne Ventil.<\/h2>\n<p>Warum und wann sollte man diese g\u00fcnstige FFP2-Maske kaufen?<br \/>\nUnsere g\u00fcnstige FFP2-Maske, Gesichtsmasken FFP2 oder alle<strong> FFP2 KN95-Masken<\/strong> sind medizinische Masken mit der zweitbesten Filterkapazit\u00e4t der FFP-Serie. Sie haben eine Filterkapazit\u00e4t von mindestens 95 %. Eins<strong> FFP2-Maske<\/strong> passt sich komplett dem Gesicht an. Also ein h\u00f6herer Schutzgrad als FFP1-Mundkappen und chirurgische Mund-Nasen-Masken. Dies ist aber auch notwendig, da FFP2-Masken den Anwender vor Krankheitserregern sch\u00fctzen m\u00fcssen, die durch Partikel \u00fcber die Atemwege \u00fcbertragen werden.<\/p>\n<p>Wenn<strong> AM BESTEN GETESTET<\/strong> von Kassa (Quelle:<a href=\"https:\/\/www.bnnvara.nl\/kassa\/artikelen\/veel-mondkapjes-voor-consumenten-houden-virusdeeltjes-niet-tegen\" target=\"_blank\" rel=\"noopener\"> https:\/\/www.bnnvara.nl\/kassa<\/a> )<\/p>\n<h3>Wann sollte man eine 5-Schicht FFP2-Gesichtsmaske kaufen und verwenden?<\/h3>\n<p>Sie k\u00f6nnen diese FFP2-Masken verwenden, um sich selbst oder Ihre Umgebung zu sch\u00fctzen. Es sch\u00fctzt auch vor der Gefahr der Tr\u00f6pfchen\u00fcbertragung.<\/p>\n<h3>Ist die FFP2-Maske eine wiederverwendbare Gesichtsmaske?<\/h3>\n<p>Neu. Eins<a href=\"https:\/\/www.masker-kopen.nl\/de\/produkt-schlagwort\/kn95-mondkapjes-de\/?lang=de\"> FFP2 oder KN95 Mundmasken<\/a> sind zum einmaligen Gebrauch bestimmt. Ist ein Einwegfilter zum Atemschutz gegen Partikel und Aerosole (z.B. Grippeviren oder Coronaviren,<a href=\"https:\/\/www.masker-kopen.nl\/de\/produkt-schlagwort\/corona-de\/?lang=de\"> COVID-19<\/a> )<\/p>\n<h3>Verhindert eine FFP2-Maske eine Ansteckung mit einem Virus wie Corona?<\/h3>\n<p>Dies kann sicherlich getragen werden, um sich vor COVID-19 zu sch\u00fctzen. Bitte beachten Sie, dass Sie hierf\u00fcr keine wiederverwendbare Maske verwenden.<\/p>\n<h3>Arten von FFP2-Mundkappen<\/h3>\n<p>Sie k\u00f6nnen w\u00e4hlen zwischen Kaufen Sie 5-Lagen G\u00fcnstige FFP2-Mundkappen ohne Ventil und FFP2-Mundkappen mit Ventil.<br \/>\n<a href=\"https:\/\/www.masker-kopen.nl\/product\/5-laags-ffp2-kn95-mondkapjes-met-ventiel\/\">Klicken Sie hier f\u00fcr<strong> 5-Schicht<\/strong> FFP2 KN95 Mundkappen mit Ventil<\/a><br \/>\n<a href=\"https:\/\/www.masker-kopen.nl\/product\/6-laags-ffp2-kn95-mondkapjes-met-ventiel\/\">Klicken Sie hier f\u00fcr<strong> 6-Schicht<\/strong> FFP2 KN95 Mundkappen mit Ventil<\/a><\/p>\n<p>5-Schicht KN95, g\u00fcnstige <a href=\"https:\/\/www.masker-kopen.nl\/de\/produkt-schlagwort\/ffp2-de\/?lang=de\">FFP2<\/a>-Masken<\/p>\n<p><em>Desinfizieren Sie Ihre H\u00e4nde vorzugsweise mit einem Desinfektionshandgel, bevor Sie die Mundkappe ber\u00fchren und nachdem Sie die Mundkappe ber\u00fchrt haben.<\/em>[\/vc_column_text][\/vc_column][\/vc_row]<\/p>\n<\/div>","protected":false},"excerpt":{"rendered":"<h2>5 Lagen KN95 FFP2 Mundschutz<\/h2>\n<p>G\u00fcnstige FFP2-Mundschutz kaufen, zertifiziert und bequem. Ohne Ventil.<br \/>\nFFP2-Mundmaske oder eine FFP2-KN95-Maske sind medizinische Mundkappen mit der zweitbesten Filterkapazit\u00e4t der FFP-Serie. Eine Filterkapazit\u00e4t von mindestens 95 %.<br \/>\nWenn<strong> AM BESTEN GETESTET<\/strong> von Kassa (Quelle:<a href=\"https:\/\/www.bnnvara.nl\/kassa\/artikelen\/veel-mondkapjes-voor-consumenten-houden-virusdeeltjes-niet-tegen\" target=\"_blank\" rel=\"noopener\"> https:\/\/www.bnnvara.nl\/kassa<\/a> )<\/p>\n","protected":false},"featured_media":5967,"comment_status":"open","ping_status":"closed","template":"","meta":[],"product_brand":[],"product_cat":[100],"product_tag":[120,117,133,134,137,554,141,159,161,157,155,152,149,148,145,162,127],"class_list":{"0":"post-4209","1":"product","2":"type-product","3":"status-publish","4":"has-post-thumbnail","6":"product_cat-mundschutz-ffp2-kn95-de","7":"product_tag-offentlicher-verkehr","8":"product_tag-allgemeinarzt","9":"product_tag-bouwvakker-de","10":"product_tag-corona-de","11":"product_tag-covid-19-de","12":"product_tag-ffp2-de","13":"product_tag-goedkope-kn95-de","14":"product_tag-goedkope-mondkapjes-de","15":"product_tag-kn95-de","16":"product_tag-kn95-mondkapjes-de","17":"product_tag-mask-de","18":"product_tag-masker-de","19":"product_tag-mondkapje-de","20":"product_tag-mondkapje-ov-de","21":"product_tag-mondmasker-de","22":"product_tag-voordelige-mondkapjes-de","23":"product_tag-zahnarzt","25":"first","26":"instock","27":"sale","28":"taxable","29":"shipping-taxable","30":"purchasable","31":"product-type-simple"},"yoast_head":"<!-- This site is optimized with the Yoast SEO Premium plugin v21.9 (Yoast SEO v27.3) - https:\/\/yoast.com\/product\/yoast-seo-premium-wordpress\/ -->\n<title>Mundschutz FFP2\/N95\/KN95 \u20ac0,99 St\u00fcck! | VERKAUF!<\/title>\n<meta name=\"description\" content=\"FFP2-Mundsch\u00fctzer kaufen? Hervorragender Schutz gegen das Coronavirus. FFP2 \/ KN95 Atemschutzmaske jetzt g\u00fcnstig kaufen bei Masker-Kopen.nl\" \/>\n<meta name=\"robots\" content=\"index, follow, max-snippet:-1, max-image-preview:large, max-video-preview:-1\" \/>\n<link rel=\"canonical\" href=\"https:\/\/www.masker-kopen.nl\/de\/produkt\/5-laags-goedkope-ffp2-masker-kopen\/\" \/>\n<meta property=\"og:locale\" content=\"de_DE\" \/>\n<meta property=\"og:type\" content=\"article\" \/>\n<meta property=\"og:title\" content=\"Mundschutz FFP2 \/ N95 \/ KN95\" \/>\n<meta property=\"og:description\" content=\"FFP2-Mundsch\u00fctzer kaufen? Hervorragender Schutz gegen das Coronavirus. FFP2 \/ KN95 Atemschutzmaske jetzt g\u00fcnstig kaufen bei Masker-Kopen.nl\" \/>\n<meta property=\"og:url\" content=\"https:\/\/www.masker-kopen.nl\/de\/produkt\/5-laags-goedkope-ffp2-masker-kopen\/\" \/>\n<meta property=\"og:site_name\" content=\"Masker-Kopen.nl\" \/>\n<meta property=\"article:modified_time\" content=\"2021-08-14T11:04:40+00:00\" \/>\n<meta name=\"twitter:card\" content=\"summary_large_image\" \/>\n<meta name=\"twitter:image\" content=\"https:\/\/www.masker-kopen.nl\/wp-content\/uploads\/2020\/05\/Mondkapjes-FFP2-N95-KN95-1.jpg\" \/>\n<meta name=\"twitter:label1\" content=\"Preis\" \/>\n\t<meta name=\"twitter:data1\" content=\"&euro;2,17\" \/>\n\t<meta name=\"twitter:label2\" content=\"Verf\u00fcgbarkeit\" \/>\n\t<meta name=\"twitter:data2\" content=\"Auf Lager\" \/>\n<script type=\"application\/ld+json\" class=\"yoast-schema-graph\">{\"@context\":\"https:\\\/\\\/schema.org\",\"@graph\":[{\"@type\":\"WebPage\",\"@id\":\"https:\\\/\\\/www.masker-kopen.nl\\\/de\\\/produkt\\\/5-laags-goedkope-ffp2-masker-kopen\\\/\",\"url\":\"https:\\\/\\\/www.masker-kopen.nl\\\/de\\\/produkt\\\/5-laags-goedkope-ffp2-masker-kopen\\\/\",\"name\":\"Mundschutz FFP2\\\/N95\\\/KN95 \u20ac0,99 St\u00fcck! | VERKAUF!\",\"isPartOf\":{\"@id\":\"https:\\\/\\\/www.masker-kopen.nl\\\/de\\\/#website\"},\"primaryImageOfPage\":{\"@id\":\"https:\\\/\\\/www.masker-kopen.nl\\\/de\\\/produkt\\\/5-laags-goedkope-ffp2-masker-kopen\\\/#primaryimage\"},\"image\":{\"@id\":\"https:\\\/\\\/www.masker-kopen.nl\\\/de\\\/produkt\\\/5-laags-goedkope-ffp2-masker-kopen\\\/#primaryimage\"},\"thumbnailUrl\":\"https:\\\/\\\/www.masker-kopen.nl\\\/wp-content\\\/uploads\\\/2020\\\/05\\\/Mondkapjes-FFP2-N95-KN95-1.jpg\",\"datePublished\":\"2020-05-20T16:03:13+00:00\",\"dateModified\":\"2021-08-14T11:04:40+00:00\",\"description\":\"FFP2-Mundsch\u00fctzer kaufen? Hervorragender Schutz gegen das Coronavirus. FFP2 \\\/ KN95 Atemschutzmaske jetzt g\u00fcnstig kaufen bei Masker-Kopen.nl\",\"breadcrumb\":{\"@id\":\"https:\\\/\\\/www.masker-kopen.nl\\\/de\\\/produkt\\\/5-laags-goedkope-ffp2-masker-kopen\\\/#breadcrumb\"},\"inLanguage\":\"de\",\"potentialAction\":[{\"@type\":\"ReadAction\",\"target\":[\"https:\\\/\\\/www.masker-kopen.nl\\\/de\\\/produkt\\\/5-laags-goedkope-ffp2-masker-kopen\\\/\"]}]},{\"@type\":\"ImageObject\",\"inLanguage\":\"de\",\"@id\":\"https:\\\/\\\/www.masker-kopen.nl\\\/de\\\/produkt\\\/5-laags-goedkope-ffp2-masker-kopen\\\/#primaryimage\",\"url\":\"https:\\\/\\\/www.masker-kopen.nl\\\/wp-content\\\/uploads\\\/2020\\\/05\\\/Mondkapjes-FFP2-N95-KN95-1.jpg\",\"contentUrl\":\"https:\\\/\\\/www.masker-kopen.nl\\\/wp-content\\\/uploads\\\/2020\\\/05\\\/Mondkapjes-FFP2-N95-KN95-1.jpg\",\"width\":540,\"height\":540,\"caption\":\"Mondkapjes FFP2 \\\/ N95 \\\/ KN95\"},{\"@type\":\"BreadcrumbList\",\"@id\":\"https:\\\/\\\/www.masker-kopen.nl\\\/de\\\/produkt\\\/5-laags-goedkope-ffp2-masker-kopen\\\/#breadcrumb\",\"itemListElement\":[{\"@type\":\"ListItem\",\"position\":1,\"name\":\"Home\",\"item\":\"https:\\\/\\\/www.masker-kopen.nl\\\/de\\\/\"},{\"@type\":\"ListItem\",\"position\":2,\"name\":\"Shop\",\"item\":\"https:\\\/\\\/www.masker-kopen.nl\\\/de\\\/shop\\\/\"},{\"@type\":\"ListItem\",\"position\":3,\"name\":\"Mundschutz FFP2 \\\/ N95 \\\/ KN95\"}]},{\"@type\":\"WebSite\",\"@id\":\"https:\\\/\\\/www.masker-kopen.nl\\\/de\\\/#website\",\"url\":\"https:\\\/\\\/www.masker-kopen.nl\\\/de\\\/\",\"name\":\"Masker Mondkapjes Kopen\",\"description\":\"DE Goedkope Mondkapjes Mondmaskers!\",\"publisher\":{\"@id\":\"https:\\\/\\\/www.masker-kopen.nl\\\/de\\\/#organization\"},\"potentialAction\":[{\"@type\":\"SearchAction\",\"target\":{\"@type\":\"EntryPoint\",\"urlTemplate\":\"https:\\\/\\\/www.masker-kopen.nl\\\/de\\\/?s={search_term_string}\"},\"query-input\":{\"@type\":\"PropertyValueSpecification\",\"valueRequired\":true,\"valueName\":\"search_term_string\"}}],\"inLanguage\":\"de\"},{\"@type\":\"Organization\",\"@id\":\"https:\\\/\\\/www.masker-kopen.nl\\\/de\\\/#organization\",\"name\":\"Masker Mondkapjes Kopen\",\"url\":\"https:\\\/\\\/www.masker-kopen.nl\\\/de\\\/\",\"logo\":{\"@type\":\"ImageObject\",\"inLanguage\":\"de\",\"@id\":\"https:\\\/\\\/www.masker-kopen.nl\\\/de\\\/#\\\/schema\\\/logo\\\/image\\\/\",\"url\":\"https:\\\/\\\/www.masker-kopen.nl\\\/wp-content\\\/uploads\\\/2020\\\/05\\\/masker-kopen-logo-breed-footer.png\",\"contentUrl\":\"https:\\\/\\\/www.masker-kopen.nl\\\/wp-content\\\/uploads\\\/2020\\\/05\\\/masker-kopen-logo-breed-footer.png\",\"width\":283,\"height\":110,\"caption\":\"Masker Mondkapjes Kopen\"},\"image\":{\"@id\":\"https:\\\/\\\/www.masker-kopen.nl\\\/de\\\/#\\\/schema\\\/logo\\\/image\\\/\"}}]}<\/script>\n<meta property=\"product:brand\" content=\"China\" \/>\n<meta property=\"product:price:amount\" content=\"2.17\" \/>\n<meta property=\"product:price:currency\" content=\"EUR\" \/>\n<meta property=\"og:availability\" content=\"instock\" \/>\n<meta property=\"product:availability\" content=\"instock\" \/>\n<meta property=\"product:retailer_item_id\" content=\"ffp2-mondkapjes\" \/>\n<meta property=\"product:condition\" content=\"new\" \/>\n<!-- \/ Yoast SEO Premium plugin. -->","yoast_head_json":{"title":"Mundschutz FFP2\/N95\/KN95 \u20ac0,99 St\u00fcck! | VERKAUF!","description":"FFP2-Mundsch\u00fctzer kaufen? Hervorragender Schutz gegen das Coronavirus. FFP2 \/ KN95 Atemschutzmaske jetzt g\u00fcnstig kaufen bei Masker-Kopen.nl","robots":{"index":"index","follow":"follow","max-snippet":"max-snippet:-1","max-image-preview":"max-image-preview:large","max-video-preview":"max-video-preview:-1"},"canonical":"https:\/\/www.masker-kopen.nl\/de\/produkt\/5-laags-goedkope-ffp2-masker-kopen\/","og_locale":"de_DE","og_type":"article","og_title":"Mundschutz FFP2 \/ N95 \/ KN95","og_description":"FFP2-Mundsch\u00fctzer kaufen? Hervorragender Schutz gegen das Coronavirus. FFP2 \/ KN95 Atemschutzmaske jetzt g\u00fcnstig kaufen bei Masker-Kopen.nl","og_url":"https:\/\/www.masker-kopen.nl\/de\/produkt\/5-laags-goedkope-ffp2-masker-kopen\/","og_site_name":"Masker-Kopen.nl","article_modified_time":"2021-08-14T11:04:40+00:00","twitter_card":"summary_large_image","twitter_image":"https:\/\/www.masker-kopen.nl\/wp-content\/uploads\/2020\/05\/Mondkapjes-FFP2-N95-KN95-1.jpg","twitter_misc":{"Preis":"&euro;2,17","Verf\u00fcgbarkeit":"Auf Lager"},"schema":{"@context":"https:\/\/schema.org","@graph":[{"@type":"WebPage","@id":"https:\/\/www.masker-kopen.nl\/de\/produkt\/5-laags-goedkope-ffp2-masker-kopen\/","url":"https:\/\/www.masker-kopen.nl\/de\/produkt\/5-laags-goedkope-ffp2-masker-kopen\/","name":"Mundschutz FFP2\/N95\/KN95 \u20ac0,99 St\u00fcck! | VERKAUF!","isPartOf":{"@id":"https:\/\/www.masker-kopen.nl\/de\/#website"},"primaryImageOfPage":{"@id":"https:\/\/www.masker-kopen.nl\/de\/produkt\/5-laags-goedkope-ffp2-masker-kopen\/#primaryimage"},"image":{"@id":"https:\/\/www.masker-kopen.nl\/de\/produkt\/5-laags-goedkope-ffp2-masker-kopen\/#primaryimage"},"thumbnailUrl":"https:\/\/www.masker-kopen.nl\/wp-content\/uploads\/2020\/05\/Mondkapjes-FFP2-N95-KN95-1.jpg","datePublished":"2020-05-20T16:03:13+00:00","dateModified":"2021-08-14T11:04:40+00:00","description":"FFP2-Mundsch\u00fctzer kaufen? Hervorragender Schutz gegen das Coronavirus. FFP2 \/ KN95 Atemschutzmaske jetzt g\u00fcnstig kaufen bei Masker-Kopen.nl","breadcrumb":{"@id":"https:\/\/www.masker-kopen.nl\/de\/produkt\/5-laags-goedkope-ffp2-masker-kopen\/#breadcrumb"},"inLanguage":"de","potentialAction":[{"@type":"ReadAction","target":["https:\/\/www.masker-kopen.nl\/de\/produkt\/5-laags-goedkope-ffp2-masker-kopen\/"]}]},{"@type":"ImageObject","inLanguage":"de","@id":"https:\/\/www.masker-kopen.nl\/de\/produkt\/5-laags-goedkope-ffp2-masker-kopen\/#primaryimage","url":"https:\/\/www.masker-kopen.nl\/wp-content\/uploads\/2020\/05\/Mondkapjes-FFP2-N95-KN95-1.jpg","contentUrl":"https:\/\/www.masker-kopen.nl\/wp-content\/uploads\/2020\/05\/Mondkapjes-FFP2-N95-KN95-1.jpg","width":540,"height":540,"caption":"Mondkapjes FFP2 \/ N95 \/ KN95"},{"@type":"BreadcrumbList","@id":"https:\/\/www.masker-kopen.nl\/de\/produkt\/5-laags-goedkope-ffp2-masker-kopen\/#breadcrumb","itemListElement":[{"@type":"ListItem","position":1,"name":"Home","item":"https:\/\/www.masker-kopen.nl\/de\/"},{"@type":"ListItem","position":2,"name":"Shop","item":"https:\/\/www.masker-kopen.nl\/de\/shop\/"},{"@type":"ListItem","position":3,"name":"Mundschutz FFP2 \/ N95 \/ KN95"}]},{"@type":"WebSite","@id":"https:\/\/www.masker-kopen.nl\/de\/#website","url":"https:\/\/www.masker-kopen.nl\/de\/","name":"Masker Mondkapjes Kopen","description":"DE Goedkope Mondkapjes Mondmaskers!","publisher":{"@id":"https:\/\/www.masker-kopen.nl\/de\/#organization"},"potentialAction":[{"@type":"SearchAction","target":{"@type":"EntryPoint","urlTemplate":"https:\/\/www.masker-kopen.nl\/de\/?s={search_term_string}"},"query-input":{"@type":"PropertyValueSpecification","valueRequired":true,"valueName":"search_term_string"}}],"inLanguage":"de"},{"@type":"Organization","@id":"https:\/\/www.masker-kopen.nl\/de\/#organization","name":"Masker Mondkapjes Kopen","url":"https:\/\/www.masker-kopen.nl\/de\/","logo":{"@type":"ImageObject","inLanguage":"de","@id":"https:\/\/www.masker-kopen.nl\/de\/#\/schema\/logo\/image\/","url":"https:\/\/www.masker-kopen.nl\/wp-content\/uploads\/2020\/05\/masker-kopen-logo-breed-footer.png","contentUrl":"https:\/\/www.masker-kopen.nl\/wp-content\/uploads\/2020\/05\/masker-kopen-logo-breed-footer.png","width":283,"height":110,"caption":"Masker Mondkapjes Kopen"},"image":{"@id":"https:\/\/www.masker-kopen.nl\/de\/#\/schema\/logo\/image\/"}}]},"product_brand":"China","product_price_amount":"2.17","product_price_currency":"EUR","og_availability":"instock","product_availability":"instock","product_retailer_item_id":"ffp2-mondkapjes","product_condition":"new"},"_links":{"self":[{"href":"https:\/\/www.masker-kopen.nl\/de\/wp-json\/wp\/v2\/product\/4209","targetHints":{"allow":["GET"]}}],"collection":[{"href":"https:\/\/www.masker-kopen.nl\/de\/wp-json\/wp\/v2\/product"}],"about":[{"href":"https:\/\/www.masker-kopen.nl\/de\/wp-json\/wp\/v2\/types\/product"}],"replies":[{"embeddable":true,"href":"https:\/\/www.masker-kopen.nl\/de\/wp-json\/wp\/v2\/comments?post=4209"}],"wp:featuredmedia":[{"embeddable":true,"href":"https:\/\/www.masker-kopen.nl\/de\/wp-json\/wp\/v2\/media\/5967"}],"wp:attachment":[{"href":"https:\/\/www.masker-kopen.nl\/de\/wp-json\/wp\/v2\/media?parent=4209"}],"wp:term":[{"taxonomy":"product_brand","embeddable":true,"href":"https:\/\/www.masker-kopen.nl\/de\/wp-json\/wp\/v2\/product_brand?post=4209"},{"taxonomy":"product_cat","embeddable":true,"href":"https:\/\/www.masker-kopen.nl\/de\/wp-json\/wp\/v2\/product_cat?post=4209"},{"taxonomy":"product_tag","embeddable":true,"href":"https:\/\/www.masker-kopen.nl\/de\/wp-json\/wp\/v2\/product_tag?post=4209"}],"curies":[{"name":"wp","href":"https:\/\/api.w.org\/{rel}","templated":true}]}}