{"id":4648,"date":"2021-07-29T22:39:14","date_gmt":"2021-07-29T20:39:14","guid":{"rendered":"https:\/\/www.masker-kopen.nl\/?post_type=product&#038;p=4648"},"modified":"2021-08-14T12:29:36","modified_gmt":"2021-08-14T10:29:36","slug":"5-schicht-ffp2-kn95-mundschutz-kopie-3","status":"publish","type":"product","link":"https:\/\/www.masker-kopen.nl\/de\/produkt\/5-schicht-ffp2-kn95-mundschutz-kopie-3\/","title":{"rendered":"Gesichtsmasken FFP3 NR"},"content":{"rendered":"<div class=\"wpb-content-wrapper\"><p>[vc_row][vc_column][vc_column_text text_larger=&#8220;no&#8220; woodmart_inline=&#8220;no&#8220;]<\/p>\n<h1>Gesichtsmasken FFP3 kaufen? Das k\u00f6nnen Sie hier bei Mask-Kopen.nl . machen<\/h1>\n<h2>5-lagige FFP3 Mundkappen FFP3 NR Mundmasken online kaufen<\/h2>\n<h2>FFP3 Mundschutz g\u00fcnstig kaufen? Kaufen Sie Mundmasken FFP3, Zertifiziert und Bequeme Passform durch Ohrgummis. Ohne Ventil.<\/h2>\n<p>Warum und wann sollte man diese g\u00fcnstige FFP3-Maske kaufen?<br \/>\nUnsere g\u00fcnstige FFP3-Maske, Mundschutz FFP3 oder alle<strong> FFP3-Masken<\/strong> sind medizinische Masken mit der zweitbesten Filterkapazit\u00e4t der FFP-Serie. Sie haben eine Filterkapazit\u00e4t von mindestens 95 %. Eins<strong> FFP3-Maske<\/strong> passt sich komplett dem Gesicht an. Also ein h\u00f6herer Schutzgrad als FFP1-Mundkappen und chirurgische Mund-Nasen-Masken. Dies ist aber auch notwendig, da FFP3-Masken den Anwender vor Krankheitserregern sch\u00fctzen m\u00fcssen, die durch Partikel \u00fcber die Atemwege \u00fcbertragen werden.<\/p>\n<p>Wenn<strong> AM BESTEN GETESTET<\/strong> von Kassa (Quelle:<a href=\"https:\/\/www.bnnvara.nl\/kassa\/artikelen\/veel-mondkapjes-voor-consumenten-houden-virusdeeltjes-niet-tegen\" target=\"_blank\" rel=\"noopener\"> https:\/\/www.bnnvara.nl\/kassa<\/a> )<\/p>\n<h3>Wann sollte man eine 5-Schicht FFP3-Gesichtsmaske kaufen und verwenden?<\/h3>\n<p>Sie k\u00f6nnen diese FFP3-Masken verwenden, um sich selbst oder Ihre Umgebung zu sch\u00fctzen. Es sch\u00fctzt auch vor der Gefahr der Tr\u00f6pfchen\u00fcbertragung.<\/p>\n<h3>Ist die FFP3-Maske eine wiederverwendbare Gesichtsmaske?<\/h3>\n<p>Neu. Eins<a href=\"https:\/\/www.masker-kopen.nl\/de\/produkt-schlagwort\/kn95-mondkapjes-de\/?lang=de\"> FFP2 oder KN95 Mundmasken<\/a> sind zum einmaligen Gebrauch bestimmt. Ist ein Einwegfilter zum Atemschutz gegen Partikel und Aerosole (z.B. Grippeviren oder Coronaviren,<a href=\"https:\/\/www.masker-kopen.nl\/de\/produkt-schlagwort\/corona-de\/?lang=de\"> COVID-19<\/a> )<\/p>\n<h3>Verhindert eine FFP3-Maske eine Ansteckung mit einem Virus wie Corona?<\/h3>\n<p>Dies kann sicherlich getragen werden, um sich vor COVID-19 zu sch\u00fctzen. Bitte beachten Sie, dass Sie hierf\u00fcr keine wiederverwendbare Maske verwenden.<\/p>\n<h3>Arten von FFP3-Mundkappen<\/h3>\n<p>Sie k\u00f6nnen w\u00e4hlen zwischen Kaufen Sie 5-Lagen G\u00fcnstige FFP3-Mundkappen ohne Ventil und FFP3-Mundkappen mit Ventil.<br \/>\n<a href=\"https:\/\/www.masker-kopen.nl\/product\/5-laags-ffp2-kn95-mondkapjes-met-ventiel\/\">Klicken Sie hier f\u00fcr<strong> 5-Schicht<\/strong> FFP2 KN95 Mundkappen mit Ventil<\/a><br \/>\n<a href=\"https:\/\/www.masker-kopen.nl\/product\/6-laags-ffp2-kn95-mondkapjes-met-ventiel\/\">Klicken Sie hier f\u00fcr<strong> 6-Schicht<\/strong> FFP2 KN95 Mundkappen mit Ventil<\/a><\/p>\n<p>5-Schicht KN95, Billig<a href=\"https:\/\/www.masker-kopen.nl\/de\/produkt-schlagwort\/ffp2-de\/?lang=de\"> FFP3<\/a> Maske kaufen<\/p>\n<p><em>Desinfizieren Sie Ihre H\u00e4nde vorzugsweise mit einem Desinfektionshandgel, bevor Sie die Mundkappe ber\u00fchren und nachdem Sie die Mundkappe ber\u00fchrt haben.<\/em>[\/vc_column_text][\/vc_column][\/vc_row]<\/p>\n<\/div>","protected":false},"excerpt":{"rendered":"<h2>5 Schichten FFP3-Mundkappen<\/h2>\n<p>Kaufen Sie g\u00fcnstige FFP3-Gesichtsmasken, zertifiziert und komfortabel. Ohne Ventil.<br \/>\nFFP3-Mundmasken oder FFP3-NR-Masken sind medizinische Mundkappen mit der zweitbesten Filterkapazit\u00e4t der FFP-Serie. Eine Filterkapazit\u00e4t von mindestens 95 %.<br \/>\nWenn<strong> AM BESTEN GETESTET<\/strong> von Kassa (Quelle:<a href=\"https:\/\/www.bnnvara.nl\/kassa\/artikelen\/veel-mondkapjes-voor-consumenten-houden-virusdeeltjes-niet-tegen\" target=\"_blank\" rel=\"noopener\"> https:\/\/www.bnnvara.nl\/kassa<\/a> )<\/p>\n","protected":false},"featured_media":5040,"comment_status":"open","ping_status":"closed","template":"","meta":[],"product_brand":[],"product_cat":[695,100],"product_tag":[120,117,133,134,137,554,696,141,159,161,157,155,152,149,148,145,162,127],"class_list":{"0":"post-4648","1":"product","2":"type-product","3":"status-publish","4":"has-post-thumbnail","6":"product_cat-ffp3-mundkappen","7":"product_cat-mundschutz-ffp2-kn95-de","8":"product_tag-offentlicher-verkehr","9":"product_tag-allgemeinarzt","10":"product_tag-bouwvakker-de","11":"product_tag-corona-de","12":"product_tag-covid-19-de","13":"product_tag-ffp2-de","14":"product_tag-ffp3-de","15":"product_tag-goedkope-kn95-de","16":"product_tag-goedkope-mondkapjes-de","17":"product_tag-kn95-de","18":"product_tag-kn95-mondkapjes-de","19":"product_tag-mask-de","20":"product_tag-masker-de","21":"product_tag-mondkapje-de","22":"product_tag-mondkapje-ov-de","23":"product_tag-mondmasker-de","24":"product_tag-voordelige-mondkapjes-de","25":"product_tag-zahnarzt","27":"first","28":"outofstock","29":"sale","30":"taxable","31":"shipping-taxable","32":"purchasable","33":"product-type-simple"},"yoast_head":"<!-- This site is optimized with the Yoast SEO Premium plugin v21.9 (Yoast SEO v27.3) - https:\/\/yoast.com\/product\/yoast-seo-premium-wordpress\/ -->\n<title>Gesichtsmasken FFP3 NR | Wei\u00dfe Mundmasken | VERKAUF!<\/title>\n<meta name=\"description\" content=\"FFP3-Gesichtsmasken kaufen? Hervorragender Schutz gegen das Coronavirus. Kaufen Sie jetzt eine g\u00fcnstige Atemschutzmaske FFP3 NR, kaufen Sie sie bei Mask-Kopen.nl\" \/>\n<meta name=\"robots\" content=\"index, follow, max-snippet:-1, max-image-preview:large, max-video-preview:-1\" \/>\n<link rel=\"canonical\" href=\"https:\/\/www.masker-kopen.nl\/de\/produkt\/5-schicht-ffp2-kn95-mundschutz-kopie-3\/\" \/>\n<meta property=\"og:locale\" content=\"de_DE\" \/>\n<meta property=\"og:type\" content=\"article\" \/>\n<meta property=\"og:title\" content=\"Gesichtsmasken FFP3 NR\" \/>\n<meta property=\"og:description\" content=\"FFP3-Gesichtsmasken kaufen? Hervorragender Schutz gegen das Coronavirus. Kaufen Sie jetzt eine g\u00fcnstige Atemschutzmaske FFP3 NR, kaufen Sie sie bei Mask-Kopen.nl\" \/>\n<meta property=\"og:url\" content=\"https:\/\/www.masker-kopen.nl\/de\/produkt\/5-schicht-ffp2-kn95-mundschutz-kopie-3\/\" \/>\n<meta property=\"og:site_name\" content=\"Masker-Kopen.nl\" \/>\n<meta property=\"article:modified_time\" content=\"2021-08-14T10:29:36+00:00\" \/>\n<meta name=\"twitter:card\" content=\"summary_large_image\" \/>\n<meta name=\"twitter:image\" content=\"https:\/\/www.masker-kopen.nl\/wp-content\/uploads\/2021\/07\/Mondkapjes-FFP3-NR-1.jpg\" \/>\n<meta name=\"twitter:label1\" content=\"Preis\" \/>\n\t<meta name=\"twitter:data1\" content=\"&euro;6,04\" \/>\n\t<meta name=\"twitter:label2\" content=\"Verf\u00fcgbarkeit\" \/>\n\t<meta name=\"twitter:data2\" content=\"ausverkauft\" \/>\n<script type=\"application\/ld+json\" class=\"yoast-schema-graph\">{\"@context\":\"https:\\\/\\\/schema.org\",\"@graph\":[{\"@type\":\"WebPage\",\"@id\":\"https:\\\/\\\/www.masker-kopen.nl\\\/de\\\/produkt\\\/5-schicht-ffp2-kn95-mundschutz-kopie-3\\\/\",\"url\":\"https:\\\/\\\/www.masker-kopen.nl\\\/de\\\/produkt\\\/5-schicht-ffp2-kn95-mundschutz-kopie-3\\\/\",\"name\":\"Gesichtsmasken FFP3 NR | Wei\u00dfe Mundmasken | VERKAUF!\",\"isPartOf\":{\"@id\":\"https:\\\/\\\/www.masker-kopen.nl\\\/de\\\/#website\"},\"primaryImageOfPage\":{\"@id\":\"https:\\\/\\\/www.masker-kopen.nl\\\/de\\\/produkt\\\/5-schicht-ffp2-kn95-mundschutz-kopie-3\\\/#primaryimage\"},\"image\":{\"@id\":\"https:\\\/\\\/www.masker-kopen.nl\\\/de\\\/produkt\\\/5-schicht-ffp2-kn95-mundschutz-kopie-3\\\/#primaryimage\"},\"thumbnailUrl\":\"https:\\\/\\\/www.masker-kopen.nl\\\/wp-content\\\/uploads\\\/2021\\\/07\\\/Mondkapjes-FFP3-NR-1.jpg\",\"datePublished\":\"2021-07-29T20:39:14+00:00\",\"dateModified\":\"2021-08-14T10:29:36+00:00\",\"description\":\"FFP3-Gesichtsmasken kaufen? Hervorragender Schutz gegen das Coronavirus. Kaufen Sie jetzt eine g\u00fcnstige Atemschutzmaske FFP3 NR, kaufen Sie sie bei Mask-Kopen.nl\",\"breadcrumb\":{\"@id\":\"https:\\\/\\\/www.masker-kopen.nl\\\/de\\\/produkt\\\/5-schicht-ffp2-kn95-mundschutz-kopie-3\\\/#breadcrumb\"},\"inLanguage\":\"de\",\"potentialAction\":[{\"@type\":\"ReadAction\",\"target\":[\"https:\\\/\\\/www.masker-kopen.nl\\\/de\\\/produkt\\\/5-schicht-ffp2-kn95-mundschutz-kopie-3\\\/\"]}]},{\"@type\":\"ImageObject\",\"inLanguage\":\"de\",\"@id\":\"https:\\\/\\\/www.masker-kopen.nl\\\/de\\\/produkt\\\/5-schicht-ffp2-kn95-mundschutz-kopie-3\\\/#primaryimage\",\"url\":\"https:\\\/\\\/www.masker-kopen.nl\\\/wp-content\\\/uploads\\\/2021\\\/07\\\/Mondkapjes-FFP3-NR-1.jpg\",\"contentUrl\":\"https:\\\/\\\/www.masker-kopen.nl\\\/wp-content\\\/uploads\\\/2021\\\/07\\\/Mondkapjes-FFP3-NR-1.jpg\",\"width\":596,\"height\":417,\"caption\":\"Mondkapjes FFP3 NR\"},{\"@type\":\"BreadcrumbList\",\"@id\":\"https:\\\/\\\/www.masker-kopen.nl\\\/de\\\/produkt\\\/5-schicht-ffp2-kn95-mundschutz-kopie-3\\\/#breadcrumb\",\"itemListElement\":[{\"@type\":\"ListItem\",\"position\":1,\"name\":\"Home\",\"item\":\"https:\\\/\\\/www.masker-kopen.nl\\\/de\\\/\"},{\"@type\":\"ListItem\",\"position\":2,\"name\":\"Shop\",\"item\":\"https:\\\/\\\/www.masker-kopen.nl\\\/de\\\/shop\\\/\"},{\"@type\":\"ListItem\",\"position\":3,\"name\":\"Gesichtsmasken FFP3 NR\"}]},{\"@type\":\"WebSite\",\"@id\":\"https:\\\/\\\/www.masker-kopen.nl\\\/de\\\/#website\",\"url\":\"https:\\\/\\\/www.masker-kopen.nl\\\/de\\\/\",\"name\":\"Masker Mondkapjes Kopen\",\"description\":\"DE Goedkope Mondkapjes Mondmaskers!\",\"publisher\":{\"@id\":\"https:\\\/\\\/www.masker-kopen.nl\\\/de\\\/#organization\"},\"potentialAction\":[{\"@type\":\"SearchAction\",\"target\":{\"@type\":\"EntryPoint\",\"urlTemplate\":\"https:\\\/\\\/www.masker-kopen.nl\\\/de\\\/?s={search_term_string}\"},\"query-input\":{\"@type\":\"PropertyValueSpecification\",\"valueRequired\":true,\"valueName\":\"search_term_string\"}}],\"inLanguage\":\"de\"},{\"@type\":\"Organization\",\"@id\":\"https:\\\/\\\/www.masker-kopen.nl\\\/de\\\/#organization\",\"name\":\"Masker Mondkapjes Kopen\",\"url\":\"https:\\\/\\\/www.masker-kopen.nl\\\/de\\\/\",\"logo\":{\"@type\":\"ImageObject\",\"inLanguage\":\"de\",\"@id\":\"https:\\\/\\\/www.masker-kopen.nl\\\/de\\\/#\\\/schema\\\/logo\\\/image\\\/\",\"url\":\"https:\\\/\\\/www.masker-kopen.nl\\\/wp-content\\\/uploads\\\/2020\\\/05\\\/masker-kopen-logo-breed-footer.png\",\"contentUrl\":\"https:\\\/\\\/www.masker-kopen.nl\\\/wp-content\\\/uploads\\\/2020\\\/05\\\/masker-kopen-logo-breed-footer.png\",\"width\":283,\"height\":110,\"caption\":\"Masker Mondkapjes Kopen\"},\"image\":{\"@id\":\"https:\\\/\\\/www.masker-kopen.nl\\\/de\\\/#\\\/schema\\\/logo\\\/image\\\/\"}}]}<\/script>\n<meta property=\"product:brand\" content=\"China\" \/>\n<meta property=\"product:price:amount\" content=\"6.04\" \/>\n<meta property=\"product:price:currency\" content=\"EUR\" \/>\n<meta property=\"og:availability\" content=\"out of stock\" \/>\n<meta property=\"product:availability\" content=\"out of stock\" \/>\n<meta property=\"product:retailer_item_id\" content=\"5-laags-ffp3-mondkapje\" \/>\n<meta property=\"product:condition\" content=\"new\" \/>\n<!-- \/ Yoast SEO Premium plugin. -->","yoast_head_json":{"title":"Gesichtsmasken FFP3 NR | Wei\u00dfe Mundmasken | VERKAUF!","description":"FFP3-Gesichtsmasken kaufen? Hervorragender Schutz gegen das Coronavirus. Kaufen Sie jetzt eine g\u00fcnstige Atemschutzmaske FFP3 NR, kaufen Sie sie bei Mask-Kopen.nl","robots":{"index":"index","follow":"follow","max-snippet":"max-snippet:-1","max-image-preview":"max-image-preview:large","max-video-preview":"max-video-preview:-1"},"canonical":"https:\/\/www.masker-kopen.nl\/de\/produkt\/5-schicht-ffp2-kn95-mundschutz-kopie-3\/","og_locale":"de_DE","og_type":"article","og_title":"Gesichtsmasken FFP3 NR","og_description":"FFP3-Gesichtsmasken kaufen? Hervorragender Schutz gegen das Coronavirus. Kaufen Sie jetzt eine g\u00fcnstige Atemschutzmaske FFP3 NR, kaufen Sie sie bei Mask-Kopen.nl","og_url":"https:\/\/www.masker-kopen.nl\/de\/produkt\/5-schicht-ffp2-kn95-mundschutz-kopie-3\/","og_site_name":"Masker-Kopen.nl","article_modified_time":"2021-08-14T10:29:36+00:00","twitter_card":"summary_large_image","twitter_image":"https:\/\/www.masker-kopen.nl\/wp-content\/uploads\/2021\/07\/Mondkapjes-FFP3-NR-1.jpg","twitter_misc":{"Preis":"&euro;6,04","Verf\u00fcgbarkeit":"ausverkauft"},"schema":{"@context":"https:\/\/schema.org","@graph":[{"@type":"WebPage","@id":"https:\/\/www.masker-kopen.nl\/de\/produkt\/5-schicht-ffp2-kn95-mundschutz-kopie-3\/","url":"https:\/\/www.masker-kopen.nl\/de\/produkt\/5-schicht-ffp2-kn95-mundschutz-kopie-3\/","name":"Gesichtsmasken FFP3 NR | Wei\u00dfe Mundmasken | VERKAUF!","isPartOf":{"@id":"https:\/\/www.masker-kopen.nl\/de\/#website"},"primaryImageOfPage":{"@id":"https:\/\/www.masker-kopen.nl\/de\/produkt\/5-schicht-ffp2-kn95-mundschutz-kopie-3\/#primaryimage"},"image":{"@id":"https:\/\/www.masker-kopen.nl\/de\/produkt\/5-schicht-ffp2-kn95-mundschutz-kopie-3\/#primaryimage"},"thumbnailUrl":"https:\/\/www.masker-kopen.nl\/wp-content\/uploads\/2021\/07\/Mondkapjes-FFP3-NR-1.jpg","datePublished":"2021-07-29T20:39:14+00:00","dateModified":"2021-08-14T10:29:36+00:00","description":"FFP3-Gesichtsmasken kaufen? Hervorragender Schutz gegen das Coronavirus. Kaufen Sie jetzt eine g\u00fcnstige Atemschutzmaske FFP3 NR, kaufen Sie sie bei Mask-Kopen.nl","breadcrumb":{"@id":"https:\/\/www.masker-kopen.nl\/de\/produkt\/5-schicht-ffp2-kn95-mundschutz-kopie-3\/#breadcrumb"},"inLanguage":"de","potentialAction":[{"@type":"ReadAction","target":["https:\/\/www.masker-kopen.nl\/de\/produkt\/5-schicht-ffp2-kn95-mundschutz-kopie-3\/"]}]},{"@type":"ImageObject","inLanguage":"de","@id":"https:\/\/www.masker-kopen.nl\/de\/produkt\/5-schicht-ffp2-kn95-mundschutz-kopie-3\/#primaryimage","url":"https:\/\/www.masker-kopen.nl\/wp-content\/uploads\/2021\/07\/Mondkapjes-FFP3-NR-1.jpg","contentUrl":"https:\/\/www.masker-kopen.nl\/wp-content\/uploads\/2021\/07\/Mondkapjes-FFP3-NR-1.jpg","width":596,"height":417,"caption":"Mondkapjes FFP3 NR"},{"@type":"BreadcrumbList","@id":"https:\/\/www.masker-kopen.nl\/de\/produkt\/5-schicht-ffp2-kn95-mundschutz-kopie-3\/#breadcrumb","itemListElement":[{"@type":"ListItem","position":1,"name":"Home","item":"https:\/\/www.masker-kopen.nl\/de\/"},{"@type":"ListItem","position":2,"name":"Shop","item":"https:\/\/www.masker-kopen.nl\/de\/shop\/"},{"@type":"ListItem","position":3,"name":"Gesichtsmasken FFP3 NR"}]},{"@type":"WebSite","@id":"https:\/\/www.masker-kopen.nl\/de\/#website","url":"https:\/\/www.masker-kopen.nl\/de\/","name":"Masker Mondkapjes Kopen","description":"DE Goedkope Mondkapjes Mondmaskers!","publisher":{"@id":"https:\/\/www.masker-kopen.nl\/de\/#organization"},"potentialAction":[{"@type":"SearchAction","target":{"@type":"EntryPoint","urlTemplate":"https:\/\/www.masker-kopen.nl\/de\/?s={search_term_string}"},"query-input":{"@type":"PropertyValueSpecification","valueRequired":true,"valueName":"search_term_string"}}],"inLanguage":"de"},{"@type":"Organization","@id":"https:\/\/www.masker-kopen.nl\/de\/#organization","name":"Masker Mondkapjes Kopen","url":"https:\/\/www.masker-kopen.nl\/de\/","logo":{"@type":"ImageObject","inLanguage":"de","@id":"https:\/\/www.masker-kopen.nl\/de\/#\/schema\/logo\/image\/","url":"https:\/\/www.masker-kopen.nl\/wp-content\/uploads\/2020\/05\/masker-kopen-logo-breed-footer.png","contentUrl":"https:\/\/www.masker-kopen.nl\/wp-content\/uploads\/2020\/05\/masker-kopen-logo-breed-footer.png","width":283,"height":110,"caption":"Masker Mondkapjes Kopen"},"image":{"@id":"https:\/\/www.masker-kopen.nl\/de\/#\/schema\/logo\/image\/"}}]},"product_brand":"China","product_price_amount":"6.04","product_price_currency":"EUR","og_availability":"out of stock","product_availability":"out of stock","product_retailer_item_id":"5-laags-ffp3-mondkapje","product_condition":"new"},"_links":{"self":[{"href":"https:\/\/www.masker-kopen.nl\/de\/wp-json\/wp\/v2\/product\/4648","targetHints":{"allow":["GET"]}}],"collection":[{"href":"https:\/\/www.masker-kopen.nl\/de\/wp-json\/wp\/v2\/product"}],"about":[{"href":"https:\/\/www.masker-kopen.nl\/de\/wp-json\/wp\/v2\/types\/product"}],"replies":[{"embeddable":true,"href":"https:\/\/www.masker-kopen.nl\/de\/wp-json\/wp\/v2\/comments?post=4648"}],"wp:featuredmedia":[{"embeddable":true,"href":"https:\/\/www.masker-kopen.nl\/de\/wp-json\/wp\/v2\/media\/5040"}],"wp:attachment":[{"href":"https:\/\/www.masker-kopen.nl\/de\/wp-json\/wp\/v2\/media?parent=4648"}],"wp:term":[{"taxonomy":"product_brand","embeddable":true,"href":"https:\/\/www.masker-kopen.nl\/de\/wp-json\/wp\/v2\/product_brand?post=4648"},{"taxonomy":"product_cat","embeddable":true,"href":"https:\/\/www.masker-kopen.nl\/de\/wp-json\/wp\/v2\/product_cat?post=4648"},{"taxonomy":"product_tag","embeddable":true,"href":"https:\/\/www.masker-kopen.nl\/de\/wp-json\/wp\/v2\/product_tag?post=4648"}],"curies":[{"name":"wp","href":"https:\/\/api.w.org\/{rel}","templated":true}]}}