{"id":5735,"date":"2022-01-10T20:04:47","date_gmt":"2022-01-10T19:04:47","guid":{"rendered":"https:\/\/www.masker-kopen.nl\/product\/iir-mondkapjes-medische-chirurgische-mondmaskers\/"},"modified":"2022-01-26T22:11:22","modified_gmt":"2022-01-26T21:11:22","slug":"iir-mondkapjes-medische-chirurgische-mondmaskers-50-stuks","status":"publish","type":"product","link":"https:\/\/www.masker-kopen.nl\/de\/produkt\/iir-mondkapjes-medische-chirurgische-mondmaskers-50-stuks\/","title":{"rendered":"IIR Mondkapjes &#8211; Medische Chirurgische Mondmaskers &#8211; 50 stuks"},"content":{"rendered":"<div class=\"wpb-content-wrapper\"><p>[vc_row][vc_column][vc_column_text text_larger=&#8220;no&#8220; woodmart_inline=&#8220;no&#8220;]<\/p>\n<h1>IIR Mondkapjes &#8211; Medische Chirurgische Mondmaskers &#8211; 50 stuks<\/h1>\n<h3>IIR Mondkapjes Medische Chirurgische Mondmaskers<\/h3>\n<h3>Top kwaliteit IIR mondkapjes voor medisch en niet-medisch gebruik<\/h3>\n<p>3-laags IIR Medisch Mondkapjes zijn niet gesteriliseerd Medisch Chirurgisch Mondkapjes.<br \/>\nAlle maskers zijn gecertificeerd. Comfortabele passing door oor elastiekjes.<br \/>\n<strong>Deze mondkapjes \/maskers zijn niet geschikt voor mensen die <a href=\"https:\/\/www.masker-kopen.nl\/produkt-schlagwort\/covid-19-de\/?lang=de\">Covid-19<\/a> pati\u00ebnten behandelen.<\/strong><br \/>\nU kunt dit mondmasker gebruiken om uzelf of uw omgeving te beschermen.<\/p>\n<p><strong>Specificaties:<\/strong><\/p>\n<ul>\n<li><strong>Chirurgische maskers<\/strong> die zijn vervaardigd overeenkomstig Richtlijn 93\/42\/EEG betreffende medische hulpmiddelen <strong>volgens de norm<\/strong> EN 14683:2019+AC:2019.<\/li>\n<li>Testrapport goedgekeurd door SGS.<\/li>\n<li>Het mondkapjes <strong>wegwerp<\/strong> wordt gebruikt om de verspreiding van micro-organismen in de luchtwegen bij hoesten of niezen te voorkomen.<\/li>\n<li>Het <strong>IIR<\/strong>-type drielaags masker in relatie tot zijn bacteri\u00eble filtratie effici\u00ebntie. Het heeft een bacteri\u00eble filtratie effici\u00ebntie van 98% of meer.<\/li>\n<li>Bovendien heeft het type IIR een drukspatbestendigheidsfunctie gelijk aan of groter dan 16 kPa.<\/li>\n<li>Het ontwerp van dit wegwerpmasker is <strong>opvouwbaar<\/strong> en compact, zodat het gemakkelijk te verdelen en op te bergen is.<\/li>\n<li>Dit mondmasker medisch wegwerp <strong>kan worden aangepast aan elk type gezicht<\/strong>, waardoor een maximaal comfort tijdens het gebruik wordt gegarandeerd.<\/li>\n<\/ul>\n<p>De afgeronde oor banden zorgen er voor dat dit mondneusmasker comfortabel is om te dragen.<\/p>\n<p>De <a href=\"https:\/\/www.masker-kopen.nl\/produkt-kategorie\/mundschutz-ffp2-kn95-de\/?lang=de\">mondkapjes<\/a> bieden een veilige barri\u00e8re tegen vuil en vochtdeeltjes en zijn voorzien van een neusbeugel die u kunt vormen naar uw neus.<br \/>\nDeze maskers zijn geschikt voor eenmalig gebruik.<\/p>\n<p>De chirurgische mondneusmaskers <strong>type IIR<\/strong>, zijn geschikt voor medisch gebruik.<br \/>\nBijvoorbeeld huisartsenpraktijken, verpleegkundigen, fysiotherapeuten etc.<br \/>\nEen chirurgisch mondneusmasker heeft als doel om de uitgeademde lucht te filteren en de omgeving van de drager te beschermen tegen druppels die ontstaan bij spreken, hoesten en niezen.<\/p>\n<p>Verpakt per <strong>50 stuks<\/strong>, zie de foto&#8217;s a.u.b.<\/p>\n<p><em>Bij voorkeur uw handen ontsmetten met een desinfectie handgel, voordat u het mondkapje aanraakt en nadat u het mondkapje heeft aangeraakt.<\/em>[\/vc_column_text][\/vc_column][\/vc_row]<\/p>\n<\/div>","protected":false},"excerpt":{"rendered":"<h4>IIR Mondkapjes &#8211; Medische Chirurgische Mondmaskers &#8211; 50 stuks<\/h4>\n<p>Top kwaliteit<strong> IIR mondkapjes<\/strong> voor medisch en niet-medisch gebruik<br \/>\nEen 3 laags IIR niet gesteriliseerd Medisch Chirurgisch mondkapje, gecertificeerd. Comfortabele passing door oor elastiekjes.<br \/>\n<strong>Verpakt per 50 stuks<\/strong><\/p>\n","protected":false},"featured_media":5732,"comment_status":"open","ping_status":"closed","template":"","meta":[],"product_brand":[],"product_cat":[95],"product_tag":[103,120,117,133,134,137,159,155,152,149,148,146,145,143,162,127],"class_list":{"0":"post-5735","1":"product","2":"type-product","3":"status-publish","4":"has-post-thumbnail","6":"product_cat-mundschutz-3-lagig-de","7":"product_tag-3-lagig-de","8":"product_tag-offentlicher-verkehr","9":"product_tag-allgemeinarzt","10":"product_tag-bouwvakker-de","11":"product_tag-corona-de","12":"product_tag-covid-19-de","13":"product_tag-goedkope-mondkapjes-de","14":"product_tag-mask-de","15":"product_tag-masker-de","16":"product_tag-mondkapje-de","17":"product_tag-mondkapje-ov-de","18":"product_tag-mondkapjes-de","19":"product_tag-mondmasker-de","20":"product_tag-mondmaskers-de","21":"product_tag-voordelige-mondkapjes-de","22":"product_tag-zahnarzt","24":"first","25":"instock","26":"sale","27":"taxable","28":"shipping-taxable","29":"purchasable","30":"product-type-simple"},"yoast_head":"<!-- This site is optimized with the Yoast SEO Premium plugin v21.9 (Yoast SEO v27.3) - https:\/\/yoast.com\/product\/yoast-seo-premium-wordpress\/ -->\n<title>IIR Mondkapjes - Medische Chirurgische Mondmaskers - 50 stuks<\/title>\n<meta name=\"description\" content=\"Top kwaliteit IIR mondkapjes voor medische en niet-medisch gebruik. 3-Laags Chirurgische Mondmaskers. Verpakt per 50 stuks\" \/>\n<meta name=\"robots\" content=\"index, follow, max-snippet:-1, max-image-preview:large, max-video-preview:-1\" \/>\n<link rel=\"canonical\" href=\"https:\/\/www.masker-kopen.nl\/de\/produkt\/iir-mondkapjes-medische-chirurgische-mondmaskers-50-stuks\/\" \/>\n<meta property=\"og:locale\" content=\"de_DE\" \/>\n<meta property=\"og:type\" content=\"article\" \/>\n<meta property=\"og:title\" content=\"IIR Mondkapjes - Medische Chirurgische Mondmaskers - 50 stuks\" \/>\n<meta property=\"og:description\" content=\"Top kwaliteit IIR mondkapjes voor medische en niet-medisch gebruik. 3-Laags Chirurgische Mondmaskers. Verpakt per 50 stuks\" \/>\n<meta property=\"og:url\" content=\"https:\/\/www.masker-kopen.nl\/de\/produkt\/iir-mondkapjes-medische-chirurgische-mondmaskers-50-stuks\/\" \/>\n<meta property=\"og:site_name\" content=\"Masker-Kopen.nl\" \/>\n<meta property=\"article:modified_time\" content=\"2022-01-26T21:11:22+00:00\" \/>\n<meta property=\"og:image\" content=\"https:\/\/www.masker-kopen.nl\/wp-content\/uploads\/2022\/01\/IIR_mondkapjes.jpg\" \/>\n\t<meta property=\"og:image:width\" content=\"500\" \/>\n\t<meta property=\"og:image:height\" content=\"500\" \/>\n\t<meta property=\"og:image:type\" content=\"image\/jpeg\" \/>\n<meta name=\"twitter:card\" content=\"summary_large_image\" \/>\n<meta name=\"twitter:label1\" content=\"Preis\" \/>\n\t<meta name=\"twitter:data1\" content=\"&euro;24,19\" \/>\n\t<meta name=\"twitter:label2\" content=\"Verf\u00fcgbarkeit\" \/>\n\t<meta name=\"twitter:data2\" content=\"Auf Lager\" \/>\n<script type=\"application\/ld+json\" class=\"yoast-schema-graph\">{\"@context\":\"https:\\\/\\\/schema.org\",\"@graph\":[{\"@type\":\"WebPage\",\"@id\":\"https:\\\/\\\/www.masker-kopen.nl\\\/de\\\/produkt\\\/iir-mondkapjes-medische-chirurgische-mondmaskers-50-stuks\\\/\",\"url\":\"https:\\\/\\\/www.masker-kopen.nl\\\/de\\\/produkt\\\/iir-mondkapjes-medische-chirurgische-mondmaskers-50-stuks\\\/\",\"name\":\"IIR Mondkapjes - Medische Chirurgische Mondmaskers - 50 stuks\",\"isPartOf\":{\"@id\":\"https:\\\/\\\/www.masker-kopen.nl\\\/de\\\/#website\"},\"primaryImageOfPage\":{\"@id\":\"https:\\\/\\\/www.masker-kopen.nl\\\/de\\\/produkt\\\/iir-mondkapjes-medische-chirurgische-mondmaskers-50-stuks\\\/#primaryimage\"},\"image\":{\"@id\":\"https:\\\/\\\/www.masker-kopen.nl\\\/de\\\/produkt\\\/iir-mondkapjes-medische-chirurgische-mondmaskers-50-stuks\\\/#primaryimage\"},\"thumbnailUrl\":\"https:\\\/\\\/www.masker-kopen.nl\\\/wp-content\\\/uploads\\\/2022\\\/01\\\/IIR_mondkapjes.jpg\",\"datePublished\":\"2022-01-10T19:04:47+00:00\",\"dateModified\":\"2022-01-26T21:11:22+00:00\",\"description\":\"Top kwaliteit IIR mondkapjes voor medische en niet-medisch gebruik. 3-Laags Chirurgische Mondmaskers. Verpakt per 50 stuks\",\"breadcrumb\":{\"@id\":\"https:\\\/\\\/www.masker-kopen.nl\\\/de\\\/produkt\\\/iir-mondkapjes-medische-chirurgische-mondmaskers-50-stuks\\\/#breadcrumb\"},\"inLanguage\":\"de\",\"potentialAction\":[{\"@type\":\"ReadAction\",\"target\":[\"https:\\\/\\\/www.masker-kopen.nl\\\/de\\\/produkt\\\/iir-mondkapjes-medische-chirurgische-mondmaskers-50-stuks\\\/\"]}]},{\"@type\":\"ImageObject\",\"inLanguage\":\"de\",\"@id\":\"https:\\\/\\\/www.masker-kopen.nl\\\/de\\\/produkt\\\/iir-mondkapjes-medische-chirurgische-mondmaskers-50-stuks\\\/#primaryimage\",\"url\":\"https:\\\/\\\/www.masker-kopen.nl\\\/wp-content\\\/uploads\\\/2022\\\/01\\\/IIR_mondkapjes.jpg\",\"contentUrl\":\"https:\\\/\\\/www.masker-kopen.nl\\\/wp-content\\\/uploads\\\/2022\\\/01\\\/IIR_mondkapjes.jpg\",\"width\":500,\"height\":500,\"caption\":\"iir-mondkapjes-medische-chirurgische-mondmaskers\"},{\"@type\":\"BreadcrumbList\",\"@id\":\"https:\\\/\\\/www.masker-kopen.nl\\\/de\\\/produkt\\\/iir-mondkapjes-medische-chirurgische-mondmaskers-50-stuks\\\/#breadcrumb\",\"itemListElement\":[{\"@type\":\"ListItem\",\"position\":1,\"name\":\"Home\",\"item\":\"https:\\\/\\\/www.masker-kopen.nl\\\/de\\\/\"},{\"@type\":\"ListItem\",\"position\":2,\"name\":\"Shop\",\"item\":\"https:\\\/\\\/www.masker-kopen.nl\\\/de\\\/shop\\\/\"},{\"@type\":\"ListItem\",\"position\":3,\"name\":\"IIR Mondkapjes &#8211; Medische Chirurgische Mondmaskers &#8211; 50 stuks\"}]},{\"@type\":\"WebSite\",\"@id\":\"https:\\\/\\\/www.masker-kopen.nl\\\/de\\\/#website\",\"url\":\"https:\\\/\\\/www.masker-kopen.nl\\\/de\\\/\",\"name\":\"Masker Mondkapjes Kopen\",\"description\":\"DE Goedkope Mondkapjes Mondmaskers!\",\"publisher\":{\"@id\":\"https:\\\/\\\/www.masker-kopen.nl\\\/de\\\/#organization\"},\"potentialAction\":[{\"@type\":\"SearchAction\",\"target\":{\"@type\":\"EntryPoint\",\"urlTemplate\":\"https:\\\/\\\/www.masker-kopen.nl\\\/de\\\/?s={search_term_string}\"},\"query-input\":{\"@type\":\"PropertyValueSpecification\",\"valueRequired\":true,\"valueName\":\"search_term_string\"}}],\"inLanguage\":\"de\"},{\"@type\":\"Organization\",\"@id\":\"https:\\\/\\\/www.masker-kopen.nl\\\/de\\\/#organization\",\"name\":\"Masker Mondkapjes Kopen\",\"url\":\"https:\\\/\\\/www.masker-kopen.nl\\\/de\\\/\",\"logo\":{\"@type\":\"ImageObject\",\"inLanguage\":\"de\",\"@id\":\"https:\\\/\\\/www.masker-kopen.nl\\\/de\\\/#\\\/schema\\\/logo\\\/image\\\/\",\"url\":\"https:\\\/\\\/www.masker-kopen.nl\\\/wp-content\\\/uploads\\\/2020\\\/05\\\/masker-kopen-logo-breed-footer.png\",\"contentUrl\":\"https:\\\/\\\/www.masker-kopen.nl\\\/wp-content\\\/uploads\\\/2020\\\/05\\\/masker-kopen-logo-breed-footer.png\",\"width\":283,\"height\":110,\"caption\":\"Masker Mondkapjes Kopen\"},\"image\":{\"@id\":\"https:\\\/\\\/www.masker-kopen.nl\\\/de\\\/#\\\/schema\\\/logo\\\/image\\\/\"}}]}<\/script>\n<meta property=\"product:brand\" content=\"China\" \/>\n<meta property=\"product:price:amount\" content=\"24.19\" \/>\n<meta property=\"product:price:currency\" content=\"EUR\" \/>\n<meta property=\"og:availability\" content=\"instock\" \/>\n<meta property=\"product:availability\" content=\"instock\" \/>\n<meta property=\"product:retailer_item_id\" content=\"iir-mondkapjes-medische-chirurgische-mondmaskers-50-stuks\" \/>\n<meta property=\"product:condition\" content=\"new\" \/>\n<!-- \/ Yoast SEO Premium plugin. -->","yoast_head_json":{"title":"IIR Mondkapjes - Medische Chirurgische Mondmaskers - 50 stuks","description":"Top kwaliteit IIR mondkapjes voor medische en niet-medisch gebruik. 3-Laags Chirurgische Mondmaskers. Verpakt per 50 stuks","robots":{"index":"index","follow":"follow","max-snippet":"max-snippet:-1","max-image-preview":"max-image-preview:large","max-video-preview":"max-video-preview:-1"},"canonical":"https:\/\/www.masker-kopen.nl\/de\/produkt\/iir-mondkapjes-medische-chirurgische-mondmaskers-50-stuks\/","og_locale":"de_DE","og_type":"article","og_title":"IIR Mondkapjes - Medische Chirurgische Mondmaskers - 50 stuks","og_description":"Top kwaliteit IIR mondkapjes voor medische en niet-medisch gebruik. 3-Laags Chirurgische Mondmaskers. Verpakt per 50 stuks","og_url":"https:\/\/www.masker-kopen.nl\/de\/produkt\/iir-mondkapjes-medische-chirurgische-mondmaskers-50-stuks\/","og_site_name":"Masker-Kopen.nl","article_modified_time":"2022-01-26T21:11:22+00:00","og_image":[{"width":500,"height":500,"url":"https:\/\/www.masker-kopen.nl\/wp-content\/uploads\/2022\/01\/IIR_mondkapjes.jpg","type":"image\/jpeg"}],"twitter_card":"summary_large_image","twitter_misc":{"Preis":"&euro;24,19","Verf\u00fcgbarkeit":"Auf Lager"},"schema":{"@context":"https:\/\/schema.org","@graph":[{"@type":"WebPage","@id":"https:\/\/www.masker-kopen.nl\/de\/produkt\/iir-mondkapjes-medische-chirurgische-mondmaskers-50-stuks\/","url":"https:\/\/www.masker-kopen.nl\/de\/produkt\/iir-mondkapjes-medische-chirurgische-mondmaskers-50-stuks\/","name":"IIR Mondkapjes - Medische Chirurgische Mondmaskers - 50 stuks","isPartOf":{"@id":"https:\/\/www.masker-kopen.nl\/de\/#website"},"primaryImageOfPage":{"@id":"https:\/\/www.masker-kopen.nl\/de\/produkt\/iir-mondkapjes-medische-chirurgische-mondmaskers-50-stuks\/#primaryimage"},"image":{"@id":"https:\/\/www.masker-kopen.nl\/de\/produkt\/iir-mondkapjes-medische-chirurgische-mondmaskers-50-stuks\/#primaryimage"},"thumbnailUrl":"https:\/\/www.masker-kopen.nl\/wp-content\/uploads\/2022\/01\/IIR_mondkapjes.jpg","datePublished":"2022-01-10T19:04:47+00:00","dateModified":"2022-01-26T21:11:22+00:00","description":"Top kwaliteit IIR mondkapjes voor medische en niet-medisch gebruik. 3-Laags Chirurgische Mondmaskers. Verpakt per 50 stuks","breadcrumb":{"@id":"https:\/\/www.masker-kopen.nl\/de\/produkt\/iir-mondkapjes-medische-chirurgische-mondmaskers-50-stuks\/#breadcrumb"},"inLanguage":"de","potentialAction":[{"@type":"ReadAction","target":["https:\/\/www.masker-kopen.nl\/de\/produkt\/iir-mondkapjes-medische-chirurgische-mondmaskers-50-stuks\/"]}]},{"@type":"ImageObject","inLanguage":"de","@id":"https:\/\/www.masker-kopen.nl\/de\/produkt\/iir-mondkapjes-medische-chirurgische-mondmaskers-50-stuks\/#primaryimage","url":"https:\/\/www.masker-kopen.nl\/wp-content\/uploads\/2022\/01\/IIR_mondkapjes.jpg","contentUrl":"https:\/\/www.masker-kopen.nl\/wp-content\/uploads\/2022\/01\/IIR_mondkapjes.jpg","width":500,"height":500,"caption":"iir-mondkapjes-medische-chirurgische-mondmaskers"},{"@type":"BreadcrumbList","@id":"https:\/\/www.masker-kopen.nl\/de\/produkt\/iir-mondkapjes-medische-chirurgische-mondmaskers-50-stuks\/#breadcrumb","itemListElement":[{"@type":"ListItem","position":1,"name":"Home","item":"https:\/\/www.masker-kopen.nl\/de\/"},{"@type":"ListItem","position":2,"name":"Shop","item":"https:\/\/www.masker-kopen.nl\/de\/shop\/"},{"@type":"ListItem","position":3,"name":"IIR Mondkapjes &#8211; Medische Chirurgische Mondmaskers &#8211; 50 stuks"}]},{"@type":"WebSite","@id":"https:\/\/www.masker-kopen.nl\/de\/#website","url":"https:\/\/www.masker-kopen.nl\/de\/","name":"Masker Mondkapjes Kopen","description":"DE Goedkope Mondkapjes Mondmaskers!","publisher":{"@id":"https:\/\/www.masker-kopen.nl\/de\/#organization"},"potentialAction":[{"@type":"SearchAction","target":{"@type":"EntryPoint","urlTemplate":"https:\/\/www.masker-kopen.nl\/de\/?s={search_term_string}"},"query-input":{"@type":"PropertyValueSpecification","valueRequired":true,"valueName":"search_term_string"}}],"inLanguage":"de"},{"@type":"Organization","@id":"https:\/\/www.masker-kopen.nl\/de\/#organization","name":"Masker Mondkapjes Kopen","url":"https:\/\/www.masker-kopen.nl\/de\/","logo":{"@type":"ImageObject","inLanguage":"de","@id":"https:\/\/www.masker-kopen.nl\/de\/#\/schema\/logo\/image\/","url":"https:\/\/www.masker-kopen.nl\/wp-content\/uploads\/2020\/05\/masker-kopen-logo-breed-footer.png","contentUrl":"https:\/\/www.masker-kopen.nl\/wp-content\/uploads\/2020\/05\/masker-kopen-logo-breed-footer.png","width":283,"height":110,"caption":"Masker Mondkapjes Kopen"},"image":{"@id":"https:\/\/www.masker-kopen.nl\/de\/#\/schema\/logo\/image\/"}}]},"product_brand":"China","product_price_amount":"24.19","product_price_currency":"EUR","og_availability":"instock","product_availability":"instock","product_retailer_item_id":"iir-mondkapjes-medische-chirurgische-mondmaskers-50-stuks","product_condition":"new"},"_links":{"self":[{"href":"https:\/\/www.masker-kopen.nl\/de\/wp-json\/wp\/v2\/product\/5735","targetHints":{"allow":["GET"]}}],"collection":[{"href":"https:\/\/www.masker-kopen.nl\/de\/wp-json\/wp\/v2\/product"}],"about":[{"href":"https:\/\/www.masker-kopen.nl\/de\/wp-json\/wp\/v2\/types\/product"}],"replies":[{"embeddable":true,"href":"https:\/\/www.masker-kopen.nl\/de\/wp-json\/wp\/v2\/comments?post=5735"}],"wp:featuredmedia":[{"embeddable":true,"href":"https:\/\/www.masker-kopen.nl\/de\/wp-json\/wp\/v2\/media\/5732"}],"wp:attachment":[{"href":"https:\/\/www.masker-kopen.nl\/de\/wp-json\/wp\/v2\/media?parent=5735"}],"wp:term":[{"taxonomy":"product_brand","embeddable":true,"href":"https:\/\/www.masker-kopen.nl\/de\/wp-json\/wp\/v2\/product_brand?post=5735"},{"taxonomy":"product_cat","embeddable":true,"href":"https:\/\/www.masker-kopen.nl\/de\/wp-json\/wp\/v2\/product_cat?post=5735"},{"taxonomy":"product_tag","embeddable":true,"href":"https:\/\/www.masker-kopen.nl\/de\/wp-json\/wp\/v2\/product_tag?post=5735"}],"curies":[{"name":"wp","href":"https:\/\/api.w.org\/{rel}","templated":true}]}}