{"id":4212,"date":"2020-05-20T18:03:13","date_gmt":"2020-05-20T16:03:13","guid":{"rendered":"https:\/\/www.masker-kopen.nl\/product\/5-laags-goedkope-ffp2-masker-kopen\/"},"modified":"2021-03-25T09:38:10","modified_gmt":"2021-03-25T08:38:10","slug":"5-laags-goedkope-ffp2-masker-kopen","status":"publish","type":"product","link":"https:\/\/www.masker-kopen.nl\/sv\/produkt\/5-laags-goedkope-ffp2-masker-kopen\/","title":{"rendered":"5-lagers FFP2 KN95 munskydd"},"content":{"rendered":"<div class=\"wpb-content-wrapper\"><p>[vc_row][vc_column][vc_column_text text_larger=&#8221;no&#8221;]<\/p>\n<h1>5-lagers FFP2 KN95 munskydd FFP2 munskydd FFP2 munskydd k\u00f6p online<\/h1>\n<h2>FFP2, certifierad och bekv\u00e4m passform med hj\u00e4lp av \u00f6ronelastick. Utan ventil.<\/h2>\n<p>Varf\u00f6r och n\u00e4r ska man k\u00f6pa denna billiga FFP2-mask?<br \/>\nV\u00e5ra billiga FFP2-masker, munmasker FFP2 eller <strong>FFP2 KN95-masker<\/strong> \u00e4r medicinska masker med den n\u00e4st b\u00e4sta filtreringskapaciteten i FFP-serien. De har en filterkapacitet p\u00e5 minst 95 %. En FFP2-mask passar helt p\u00e5 ansiktet. Den har allts\u00e5 en h\u00f6gre skyddsniv\u00e5 \u00e4n FFP1-munmasker och kirurgiska n\u00e4sskydd. Men detta \u00e4r ocks\u00e5 n\u00f6dv\u00e4ndigt eftersom FFP2-maskerna m\u00e5ste skydda anv\u00e4ndaren fr\u00e5n patogener som \u00f6verf\u00f6rs av partiklar via andningsv\u00e4gen.<\/p>\n<p>SOM B\u00c4STATESTAT av Kassa (K\u00e4lla: <a href=\"https:\/\/www.bnnvara.nl\/kassa\/artikelen\/veel-mondkapjes-voor-consumenten-houden-virusdeeltjes-niet-tegen\" target=\"_blank\" rel=\"noopener\">https:\/\/www.bnnvara.nl\/kassa<\/a> )<\/p>\n<h3>N\u00e4r ska man k\u00f6pa och anv\u00e4nda en 5-lagig FFP2-mask?<\/h3>\n<p>Du kan anv\u00e4nda dessa FFP2-masker f\u00f6r att skydda dig sj\u00e4lv eller din omgivning. Det skyddar ocks\u00e5 mot risken f\u00f6r \u00f6verf\u00f6ring genom droppar.<\/p>\n<h3>\u00c4r FFP2-masken ett \u00e5teranv\u00e4ndbart munstycke?<\/h3>\n<p>Nej, en FFP2- eller KN95-mask \u00e4r en eng\u00e5ngsmask. Detta \u00e4r ett eng\u00e5ngsfilter f\u00f6r andningsskydd mot partiklar och aerosoler (t.ex. influensavirus eller coronavirus, COVID-19).<\/p>\n<h3>F\u00f6rebygger en FFP2-mask infektion med ett virus, till exempel Corona?<\/h3>\n<p>Detta kan s\u00e4kert b\u00e4ras f\u00f6r att skydda dig mot COVID-19. Se bara till att du inte anv\u00e4nder en \u00e5teranv\u00e4ndbar mask f\u00f6r detta.<\/p>\n<h3>Typer av FFP2 munskydd<\/h3>\n<p>Du kan v\u00e4lja mellan 5-Layer FFP2 munskydd utan ventil och FFP2 munskydd med ventil.<br \/>\nKlicka h\u00e4r f\u00f6r 5-lagers FFP2 KN95 munskydd med ventil<br \/>\nKlicka h\u00e4r f\u00f6r 6-skikts FFP2 KN95 munskydd med ventil<\/p>\n<p>5-lagers KN95, billiga FFP2-masker<\/p>\n<p><em>Desinficera helst h\u00e4nderna med en desinficerande handgel innan du r\u00f6r vid munstycket och efter att du r\u00f6r vid munstycket.<\/em>[\/vc_column_text][\/vc_column][\/vc_row]<\/p>\n<\/div>","protected":false},"excerpt":{"rendered":"<h2>5 lager KN95 FFP2 munskydd<\/h2>\n<p>FFP2, certifierad och bekv\u00e4m passform med hj\u00e4lp av \u00f6ronelastick. Utan ventil.<br \/>\nFFP2 munmasker eller FFP2 KN95-masker \u00e4r medicinska masker med den n\u00e4st b\u00e4sta filterkapaciteten i FFP-sortimentet. En filterkapacitet p\u00e5 minst 95 %.<br \/>\nBEST TESTED av Kassa (K\u00e4lla: <a href=\"https:\/\/www.bnnvara.nl\/kassa\/artikelen\/veel-mondkapjes-voor-consumenten-houden-virusdeeltjes-niet-tegen\" target=\"_blank\" rel=\"noopener\">https:\/\/www.bnnvara.nl\/kassa<\/a> )<\/p>\n","protected":false},"featured_media":5968,"comment_status":"open","ping_status":"closed","template":"","meta":[],"product_brand":[],"product_cat":[555],"product_tag":[562,556,557,558,559,560,561,563,564,570,565,566,567,568,569,571,572],"class_list":{"0":"post-4212","1":"product","2":"type-product","3":"status-publish","4":"has-post-thumbnail","6":"product_cat-billiga-ffp2-kn95-masker","7":"product_tag-allmanlakare","8":"product_tag-bouwvakker-sv","9":"product_tag-corona-sv","10":"product_tag-covid-19-sv","11":"product_tag-ffp2-sv","12":"product_tag-goedkope-kn95-sv","13":"product_tag-goedkope-mondkapjes-sv","14":"product_tag-kn95-sv","15":"product_tag-kn95-mondkapjes-sv","16":"product_tag-kollektivtrafik","17":"product_tag-mask-sv","18":"product_tag-masker-sv","19":"product_tag-mondkapje-sv","20":"product_tag-mondkapje-ov-sv","21":"product_tag-mondmasker-sv","22":"product_tag-tandlakare","23":"product_tag-voordelige-mondkapjes-sv","25":"first","26":"instock","27":"sale","28":"taxable","29":"shipping-taxable","30":"purchasable","31":"product-type-simple"},"yoast_head":"<!-- This site is optimized with the Yoast SEO Premium plugin v21.9 (Yoast SEO v27.5) - https:\/\/yoast.com\/product\/yoast-seo-premium-wordpress\/ -->\n<title>K\u00f6p munskydd &amp; Andningsskydd FFP2 mask 10-pack p\u00e5 masker-kopen.nl<\/title>\n<meta name=\"description\" content=\"Kvalitativa andningsskydd av klass FFP2 som t\u00e4cker mun och n\u00e4sa. K\u00f6p dem p\u00e5 masker-kopen.nl! Andningsskydd av klass FFP2 som t\u00e4cker mun och n\u00e4sa.\" \/>\n<meta name=\"robots\" content=\"index, follow, max-snippet:-1, max-image-preview:large, max-video-preview:-1\" \/>\n<link rel=\"canonical\" href=\"https:\/\/www.masker-kopen.nl\/sv\/produkt\/5-laags-goedkope-ffp2-masker-kopen\/\" \/>\n<meta property=\"og:locale\" content=\"sv_SE\" \/>\n<meta property=\"og:type\" content=\"article\" \/>\n<meta property=\"og:title\" content=\"5-lagers FFP2 KN95 munskydd\" \/>\n<meta property=\"og:description\" content=\"Kvalitativa andningsskydd av klass FFP2 som t\u00e4cker mun och n\u00e4sa. K\u00f6p dem p\u00e5 masker-kopen.nl! Andningsskydd av klass FFP2 som t\u00e4cker mun och n\u00e4sa.\" \/>\n<meta property=\"og:url\" content=\"https:\/\/www.masker-kopen.nl\/sv\/produkt\/5-laags-goedkope-ffp2-masker-kopen\/\" \/>\n<meta property=\"og:site_name\" content=\"Masker-Kopen.nl\" \/>\n<meta property=\"article:modified_time\" content=\"2021-03-25T08:38:10+00:00\" \/>\n<meta property=\"og:image\" content=\"https:\/\/www.masker-kopen.nl\/wp-content\/uploads\/2020\/05\/5-laags-KN95-mondkapje-comfortabel.png\" \/>\n<meta name=\"twitter:card\" content=\"summary_large_image\" \/>\n<meta name=\"twitter:label1\" content=\"Pris\" \/>\n\t<meta name=\"twitter:data1\" content=\"&euro;2,17\" \/>\n\t<meta name=\"twitter:label2\" content=\"Tillg\u00e4nglig\" \/>\n\t<meta name=\"twitter:data2\" content=\"I lager\" \/>\n<script type=\"application\/ld+json\" class=\"yoast-schema-graph\">{\"@context\":\"https:\\\/\\\/schema.org\",\"@graph\":[{\"@type\":\"WebPage\",\"@id\":\"https:\\\/\\\/www.masker-kopen.nl\\\/sv\\\/produkt\\\/5-laags-goedkope-ffp2-masker-kopen\\\/\",\"url\":\"https:\\\/\\\/www.masker-kopen.nl\\\/sv\\\/produkt\\\/5-laags-goedkope-ffp2-masker-kopen\\\/\",\"name\":\"K\u00f6p munskydd & Andningsskydd FFP2 mask 10-pack p\u00e5 masker-kopen.nl\",\"isPartOf\":{\"@id\":\"https:\\\/\\\/www.masker-kopen.nl\\\/sv\\\/#website\"},\"primaryImageOfPage\":{\"@id\":\"https:\\\/\\\/www.masker-kopen.nl\\\/sv\\\/produkt\\\/5-laags-goedkope-ffp2-masker-kopen\\\/#primaryimage\"},\"image\":{\"@id\":\"https:\\\/\\\/www.masker-kopen.nl\\\/sv\\\/produkt\\\/5-laags-goedkope-ffp2-masker-kopen\\\/#primaryimage\"},\"thumbnailUrl\":\"https:\\\/\\\/www.masker-kopen.nl\\\/wp-content\\\/uploads\\\/2020\\\/05\\\/Mondkapjes-FFP2-N95-KN95-1.jpg\",\"datePublished\":\"2020-05-20T16:03:13+00:00\",\"dateModified\":\"2021-03-25T08:38:10+00:00\",\"description\":\"Kvalitativa andningsskydd av klass FFP2 som t\u00e4cker mun och n\u00e4sa. K\u00f6p dem p\u00e5 masker-kopen.nl! Andningsskydd av klass FFP2 som t\u00e4cker mun och n\u00e4sa.\",\"breadcrumb\":{\"@id\":\"https:\\\/\\\/www.masker-kopen.nl\\\/sv\\\/produkt\\\/5-laags-goedkope-ffp2-masker-kopen\\\/#breadcrumb\"},\"inLanguage\":\"sv-SE\",\"potentialAction\":[{\"@type\":\"ReadAction\",\"target\":[\"https:\\\/\\\/www.masker-kopen.nl\\\/sv\\\/produkt\\\/5-laags-goedkope-ffp2-masker-kopen\\\/\"]}]},{\"@type\":\"ImageObject\",\"inLanguage\":\"sv-SE\",\"@id\":\"https:\\\/\\\/www.masker-kopen.nl\\\/sv\\\/produkt\\\/5-laags-goedkope-ffp2-masker-kopen\\\/#primaryimage\",\"url\":\"https:\\\/\\\/www.masker-kopen.nl\\\/wp-content\\\/uploads\\\/2020\\\/05\\\/Mondkapjes-FFP2-N95-KN95-1.jpg\",\"contentUrl\":\"https:\\\/\\\/www.masker-kopen.nl\\\/wp-content\\\/uploads\\\/2020\\\/05\\\/Mondkapjes-FFP2-N95-KN95-1.jpg\",\"width\":540,\"height\":540,\"caption\":\"Mondkapjes FFP2 \\\/ N95 \\\/ KN95\"},{\"@type\":\"BreadcrumbList\",\"@id\":\"https:\\\/\\\/www.masker-kopen.nl\\\/sv\\\/produkt\\\/5-laags-goedkope-ffp2-masker-kopen\\\/#breadcrumb\",\"itemListElement\":[{\"@type\":\"ListItem\",\"position\":1,\"name\":\"Home\",\"item\":\"https:\\\/\\\/www.masker-kopen.nl\\\/sv\\\/\"},{\"@type\":\"ListItem\",\"position\":2,\"name\":\"Butik\",\"item\":\"https:\\\/\\\/www.masker-kopen.nl\\\/sv\\\/butik\\\/\"},{\"@type\":\"ListItem\",\"position\":3,\"name\":\"5-lagers FFP2 KN95 munskydd\"}]},{\"@type\":\"WebSite\",\"@id\":\"https:\\\/\\\/www.masker-kopen.nl\\\/sv\\\/#website\",\"url\":\"https:\\\/\\\/www.masker-kopen.nl\\\/sv\\\/\",\"name\":\"Masker Mondkapjes Kopen\",\"description\":\"DE Goedkope Mondkapjes Mondmaskers!\",\"publisher\":{\"@id\":\"https:\\\/\\\/www.masker-kopen.nl\\\/sv\\\/#organization\"},\"potentialAction\":[{\"@type\":\"SearchAction\",\"target\":{\"@type\":\"EntryPoint\",\"urlTemplate\":\"https:\\\/\\\/www.masker-kopen.nl\\\/sv\\\/?s={search_term_string}\"},\"query-input\":{\"@type\":\"PropertyValueSpecification\",\"valueRequired\":true,\"valueName\":\"search_term_string\"}}],\"inLanguage\":\"sv-SE\"},{\"@type\":\"Organization\",\"@id\":\"https:\\\/\\\/www.masker-kopen.nl\\\/sv\\\/#organization\",\"name\":\"Masker Mondkapjes Kopen\",\"url\":\"https:\\\/\\\/www.masker-kopen.nl\\\/sv\\\/\",\"logo\":{\"@type\":\"ImageObject\",\"inLanguage\":\"sv-SE\",\"@id\":\"https:\\\/\\\/www.masker-kopen.nl\\\/sv\\\/#\\\/schema\\\/logo\\\/image\\\/\",\"url\":\"https:\\\/\\\/www.masker-kopen.nl\\\/wp-content\\\/uploads\\\/2020\\\/05\\\/masker-kopen-logo-breed-footer.png\",\"contentUrl\":\"https:\\\/\\\/www.masker-kopen.nl\\\/wp-content\\\/uploads\\\/2020\\\/05\\\/masker-kopen-logo-breed-footer.png\",\"width\":283,\"height\":110,\"caption\":\"Masker Mondkapjes Kopen\"},\"image\":{\"@id\":\"https:\\\/\\\/www.masker-kopen.nl\\\/sv\\\/#\\\/schema\\\/logo\\\/image\\\/\"}}]}<\/script>\n<meta property=\"product:brand\" content=\"China\" \/>\n<meta property=\"product:price:amount\" content=\"2.17\" \/>\n<meta property=\"product:price:currency\" content=\"EUR\" \/>\n<meta property=\"og:availability\" content=\"instock\" \/>\n<meta property=\"product:availability\" content=\"instock\" \/>\n<meta property=\"product:retailer_item_id\" content=\"ffp2-mondkapjes\" \/>\n<meta property=\"product:condition\" content=\"new\" \/>\n<!-- \/ Yoast SEO Premium plugin. -->","yoast_head_json":{"title":"K\u00f6p munskydd & Andningsskydd FFP2 mask 10-pack p\u00e5 masker-kopen.nl","description":"Kvalitativa andningsskydd av klass FFP2 som t\u00e4cker mun och n\u00e4sa. K\u00f6p dem p\u00e5 masker-kopen.nl! Andningsskydd av klass FFP2 som t\u00e4cker mun och n\u00e4sa.","robots":{"index":"index","follow":"follow","max-snippet":"max-snippet:-1","max-image-preview":"max-image-preview:large","max-video-preview":"max-video-preview:-1"},"canonical":"https:\/\/www.masker-kopen.nl\/sv\/produkt\/5-laags-goedkope-ffp2-masker-kopen\/","og_locale":"sv_SE","og_type":"article","og_title":"5-lagers FFP2 KN95 munskydd","og_description":"Kvalitativa andningsskydd av klass FFP2 som t\u00e4cker mun och n\u00e4sa. K\u00f6p dem p\u00e5 masker-kopen.nl! Andningsskydd av klass FFP2 som t\u00e4cker mun och n\u00e4sa.","og_url":"https:\/\/www.masker-kopen.nl\/sv\/produkt\/5-laags-goedkope-ffp2-masker-kopen\/","og_site_name":"Masker-Kopen.nl","article_modified_time":"2021-03-25T08:38:10+00:00","og_image":[{"url":"https:\/\/www.masker-kopen.nl\/wp-content\/uploads\/2020\/05\/5-laags-KN95-mondkapje-comfortabel.png","type":"","width":"","height":""}],"twitter_card":"summary_large_image","twitter_misc":{"Pris":"&euro;2,17","Tillg\u00e4nglig":"I lager"},"schema":{"@context":"https:\/\/schema.org","@graph":[{"@type":"WebPage","@id":"https:\/\/www.masker-kopen.nl\/sv\/produkt\/5-laags-goedkope-ffp2-masker-kopen\/","url":"https:\/\/www.masker-kopen.nl\/sv\/produkt\/5-laags-goedkope-ffp2-masker-kopen\/","name":"K\u00f6p munskydd & Andningsskydd FFP2 mask 10-pack p\u00e5 masker-kopen.nl","isPartOf":{"@id":"https:\/\/www.masker-kopen.nl\/sv\/#website"},"primaryImageOfPage":{"@id":"https:\/\/www.masker-kopen.nl\/sv\/produkt\/5-laags-goedkope-ffp2-masker-kopen\/#primaryimage"},"image":{"@id":"https:\/\/www.masker-kopen.nl\/sv\/produkt\/5-laags-goedkope-ffp2-masker-kopen\/#primaryimage"},"thumbnailUrl":"https:\/\/www.masker-kopen.nl\/wp-content\/uploads\/2020\/05\/Mondkapjes-FFP2-N95-KN95-1.jpg","datePublished":"2020-05-20T16:03:13+00:00","dateModified":"2021-03-25T08:38:10+00:00","description":"Kvalitativa andningsskydd av klass FFP2 som t\u00e4cker mun och n\u00e4sa. K\u00f6p dem p\u00e5 masker-kopen.nl! Andningsskydd av klass FFP2 som t\u00e4cker mun och n\u00e4sa.","breadcrumb":{"@id":"https:\/\/www.masker-kopen.nl\/sv\/produkt\/5-laags-goedkope-ffp2-masker-kopen\/#breadcrumb"},"inLanguage":"sv-SE","potentialAction":[{"@type":"ReadAction","target":["https:\/\/www.masker-kopen.nl\/sv\/produkt\/5-laags-goedkope-ffp2-masker-kopen\/"]}]},{"@type":"ImageObject","inLanguage":"sv-SE","@id":"https:\/\/www.masker-kopen.nl\/sv\/produkt\/5-laags-goedkope-ffp2-masker-kopen\/#primaryimage","url":"https:\/\/www.masker-kopen.nl\/wp-content\/uploads\/2020\/05\/Mondkapjes-FFP2-N95-KN95-1.jpg","contentUrl":"https:\/\/www.masker-kopen.nl\/wp-content\/uploads\/2020\/05\/Mondkapjes-FFP2-N95-KN95-1.jpg","width":540,"height":540,"caption":"Mondkapjes FFP2 \/ N95 \/ KN95"},{"@type":"BreadcrumbList","@id":"https:\/\/www.masker-kopen.nl\/sv\/produkt\/5-laags-goedkope-ffp2-masker-kopen\/#breadcrumb","itemListElement":[{"@type":"ListItem","position":1,"name":"Home","item":"https:\/\/www.masker-kopen.nl\/sv\/"},{"@type":"ListItem","position":2,"name":"Butik","item":"https:\/\/www.masker-kopen.nl\/sv\/butik\/"},{"@type":"ListItem","position":3,"name":"5-lagers FFP2 KN95 munskydd"}]},{"@type":"WebSite","@id":"https:\/\/www.masker-kopen.nl\/sv\/#website","url":"https:\/\/www.masker-kopen.nl\/sv\/","name":"Masker Mondkapjes Kopen","description":"DE Goedkope Mondkapjes Mondmaskers!","publisher":{"@id":"https:\/\/www.masker-kopen.nl\/sv\/#organization"},"potentialAction":[{"@type":"SearchAction","target":{"@type":"EntryPoint","urlTemplate":"https:\/\/www.masker-kopen.nl\/sv\/?s={search_term_string}"},"query-input":{"@type":"PropertyValueSpecification","valueRequired":true,"valueName":"search_term_string"}}],"inLanguage":"sv-SE"},{"@type":"Organization","@id":"https:\/\/www.masker-kopen.nl\/sv\/#organization","name":"Masker Mondkapjes Kopen","url":"https:\/\/www.masker-kopen.nl\/sv\/","logo":{"@type":"ImageObject","inLanguage":"sv-SE","@id":"https:\/\/www.masker-kopen.nl\/sv\/#\/schema\/logo\/image\/","url":"https:\/\/www.masker-kopen.nl\/wp-content\/uploads\/2020\/05\/masker-kopen-logo-breed-footer.png","contentUrl":"https:\/\/www.masker-kopen.nl\/wp-content\/uploads\/2020\/05\/masker-kopen-logo-breed-footer.png","width":283,"height":110,"caption":"Masker Mondkapjes Kopen"},"image":{"@id":"https:\/\/www.masker-kopen.nl\/sv\/#\/schema\/logo\/image\/"}}]},"product_brand":"China","product_price_amount":"2.17","product_price_currency":"EUR","og_availability":"instock","product_availability":"instock","product_retailer_item_id":"ffp2-mondkapjes","product_condition":"new"},"_links":{"self":[{"href":"https:\/\/www.masker-kopen.nl\/sv\/wp-json\/wp\/v2\/product\/4212","targetHints":{"allow":["GET"]}}],"collection":[{"href":"https:\/\/www.masker-kopen.nl\/sv\/wp-json\/wp\/v2\/product"}],"about":[{"href":"https:\/\/www.masker-kopen.nl\/sv\/wp-json\/wp\/v2\/types\/product"}],"replies":[{"embeddable":true,"href":"https:\/\/www.masker-kopen.nl\/sv\/wp-json\/wp\/v2\/comments?post=4212"}],"wp:featuredmedia":[{"embeddable":true,"href":"https:\/\/www.masker-kopen.nl\/sv\/wp-json\/wp\/v2\/media\/5968"}],"wp:attachment":[{"href":"https:\/\/www.masker-kopen.nl\/sv\/wp-json\/wp\/v2\/media?parent=4212"}],"wp:term":[{"taxonomy":"product_brand","embeddable":true,"href":"https:\/\/www.masker-kopen.nl\/sv\/wp-json\/wp\/v2\/product_brand?post=4212"},{"taxonomy":"product_cat","embeddable":true,"href":"https:\/\/www.masker-kopen.nl\/sv\/wp-json\/wp\/v2\/product_cat?post=4212"},{"taxonomy":"product_tag","embeddable":true,"href":"https:\/\/www.masker-kopen.nl\/sv\/wp-json\/wp\/v2\/product_tag?post=4212"}],"curies":[{"name":"wp","href":"https:\/\/api.w.org\/{rel}","templated":true}]}}